{"id":53336,"date":"2022-10-27T13:13:55","date_gmt":"2022-10-27T13:13:55","guid":{"rendered":"https:\/\/new.ilmoliulampar.is\/product\/hanskin-pore-cleansing-oil-rich-moist-aha\/"},"modified":"2024-03-05T15:46:52","modified_gmt":"2024-03-05T15:46:52","slug":"hanskin-pore-cleansing-oil-rich-moist-aha","status":"publish","type":"product","link":"https:\/\/ilmoliulampar.is\/en_gb\/product\/hanskin-pore-cleansing-oil-rich-moist-aha\/","title":{"rendered":"Hanskin &#8211; Pore Cleansing Oil (AHA)"},"content":{"rendered":"","protected":false},"excerpt":{"rendered":"<p><strong>Pore Cleansing Oil &#8211; Rich &amp; Moist<\/strong>[<strong>AHA<\/strong>] Hreinsar allan far\u00f0a og \u00f3hreinindi vandlega af h\u00fa\u00f0inni. Ol\u00edan inniheldur AHA-s\u00fdrur (<strong>Alpha hydroxy acids<\/strong>) og hentar mj\u00f6g vel fyrir venjulega og \u00feurra h\u00fa\u00f0. Ol\u00edan sl\u00e9ttir \u00far \u00e1fer\u00f0 h\u00fa\u00f0arinnar og fjarl\u00e6gjir \u00f3hreinindi og st\u00edflur \u00far h\u00fa\u00f0holum \u00e1n \u00feess a\u00f0 skilja eftir fituga \u00e1fer\u00f0.<\/p>\n<p><em>Hentar \u00f6llum h\u00fa\u00f0t\u00fdpum.<\/em><\/p>\n<p><strong>Lactic Acid<\/strong>: AHA-s\u00fdra sem leysir upp dau\u00f0ar h\u00fa\u00f0frumur, heldur raka \u00ed h\u00fa\u00f0inni og vinnur \u00e1 \u00f6ldrunareinkennum.<br \/>\n<strong>Glycolic Acid<\/strong>: AHA-s\u00fdra sem endurn\u00fdjar og jafnar \u00e1fer\u00f0 h\u00fa\u00f0arinnar, fjarl\u00e6gjir dau\u00f0ar h\u00fa\u00f0frumur og vinnur \u00e1 litabreytingum og \u00f6rum, gefur h\u00fa\u00f0inni jafnara og heilbrig\u00f0ara yfirbrag\u00f0.<br \/>\n<strong>Sunflower Seed Oil<\/strong>: P\u00f6kku\u00f0 af E-v\u00edtam\u00edni sem getur h\u00e6gt \u00e1 \u00f6ldrunareinkennum og er n\u00e6randi, m\u00fdkjandi og rakagefandi fyrir h\u00fa\u00f0ina.<br \/>\n<strong>Jojoba Oil<\/strong>: B\u00e6tir \u00e1fer\u00f0 h\u00fa\u00f0arinnar og gefur raka.<\/p>\n<p><strong>Helstu kostir:<\/strong><\/p>\n<ul>\n<li>Fjarl\u00e6gjir vandlega allann far\u00f0a af h\u00fa\u00f0inni, einnig vatnsheldan far\u00f0a.<\/li>\n<li>Blanda af n\u00e6randi ol\u00edum m\u00fdkja h\u00fa\u00f0ina og stu\u00f0la a\u00f0 fallegri og rakafylltri h\u00fa\u00f0.<\/li>\n<li>Lactic og Glycolic s\u00fdrurnar endurn\u00fdja h\u00fa\u00f0ina og fjarl\u00e6gja \u00f3hreinindi \u00far h\u00fa\u00f0holum. H\u00fa\u00f0in ver\u00f0ur m\u00fdkri, sl\u00e9ttari, bjartari og heilbrig\u00f0ari.<\/li>\n<li>Ol\u00edan kemur me\u00f0 pumpu svo h\u00fan er au\u00f0veld \u00ed notkun.<\/li>\n<\/ul>\n<p><strong>300ml<\/strong><\/p>\n<p><strong>Paraben-free, dye-free, artificial fragrance-free, alcohol-free<\/strong><\/p>\n","protected":false},"featured_media":44914,"comment_status":"closed","ping_status":"closed","template":"","meta":[],"product_brand":[],"product_cat":[218,191],"product_tag":[],"class_list":{"0":"post-53336","1":"product","2":"type-product","3":"status-publish","4":"has-post-thumbnail","6":"product_cat-hanskin-2","7":"product_cat-hud-og-snyrtivorur","9":"first","10":"instock","11":"shipping-taxable","12":"purchasable","13":"product-type-simple"},"_links":{"self":[{"href":"https:\/\/ilmoliulampar.is\/en_gb\/wp-json\/wp\/v2\/product\/53336","targetHints":{"allow":["GET"]}}],"collection":[{"href":"https:\/\/ilmoliulampar.is\/en_gb\/wp-json\/wp\/v2\/product"}],"about":[{"href":"https:\/\/ilmoliulampar.is\/en_gb\/wp-json\/wp\/v2\/types\/product"}],"replies":[{"embeddable":true,"href":"https:\/\/ilmoliulampar.is\/en_gb\/wp-json\/wp\/v2\/comments?post=53336"}],"wp:featuredmedia":[{"embeddable":true,"href":"https:\/\/ilmoliulampar.is\/en_gb\/wp-json\/wp\/v2\/media\/44914"}],"wp:attachment":[{"href":"https:\/\/ilmoliulampar.is\/en_gb\/wp-json\/wp\/v2\/media?parent=53336"}],"wp:term":[{"taxonomy":"product_brand","embeddable":true,"href":"https:\/\/ilmoliulampar.is\/en_gb\/wp-json\/wp\/v2\/product_brand?post=53336"},{"taxonomy":"product_cat","embeddable":true,"href":"https:\/\/ilmoliulampar.is\/en_gb\/wp-json\/wp\/v2\/product_cat?post=53336"},{"taxonomy":"product_tag","embeddable":true,"href":"https:\/\/ilmoliulampar.is\/en_gb\/wp-json\/wp\/v2\/product_tag?post=53336"}],"curies":[{"name":"wp","href":"https:\/\/api.w.org\/{rel}","templated":true}]}}