{"id":53337,"date":"2022-10-27T13:41:32","date_gmt":"2022-10-27T13:41:32","guid":{"rendered":"https:\/\/new.ilmoliulampar.is\/product\/hanskin-real-complexion-hyaluron-exfoliating-aha-treatment\/"},"modified":"2024-03-05T15:37:33","modified_gmt":"2024-03-05T15:37:33","slug":"hanskin-real-complexion-hyaluron-exfoliating-aha-treatment","status":"publish","type":"product","link":"https:\/\/ilmoliulampar.is\/en_gb\/product\/hanskin-real-complexion-hyaluron-exfoliating-aha-treatment\/","title":{"rendered":"Hanskin &#8211;  Hyaluron Exfoliating AHA Treatment"},"content":{"rendered":"","protected":false},"excerpt":{"rendered":"<p>Hanskin\u00a0Real Complexion Hyaluron Exfoliating AHA Treatment<\/p>\n<p>Me\u00f0fer\u00f0ar andlitsvatn me\u00f0 h\u00fdal\u00far\u00f3ns\u00fdru og 10% alfah\u00fddrox\u00fds\u00fdru (AHA)<br \/>\nGlycolic s\u00fdra og lactic s\u00fdra vinna saman a\u00f0 \u00fev\u00ed a\u00f0 leysa upp dau\u00f0ar, \u00feurrar h\u00fa\u00f0frumur sem geta gert h\u00fa\u00f0ina daufa og komi\u00f0 \u00ed veg fyrir a\u00f0 h\u00fa\u00f0v\u00f6rurnar \u00fe\u00ednar virki eins vel.<br \/>\nH\u00fa\u00f0in ver\u00f0ur sl\u00e9ttari, m\u00fdkri og f\u00e6r fallegan lj\u00f3ma. Hj\u00e1lpar \u00f6\u00f0rum h\u00fa\u00f0v\u00f6rum a\u00f0 virka betur.<br \/>\nFj\u00f3rar ger\u00f0ir af h\u00fdal\u00far\u00f3ns\u00fdru sem hj\u00e1lpa h\u00fa\u00f0inni vi\u00f0 a\u00f0 auka raka og lj\u00f3ma svo h\u00fan ver\u00f0i mj\u00fak, &#8216;dewy&#8217; og tilb\u00fain fyrir serum, rakakrem \u00e1 eftir.<br \/>\nSettu vatni\u00f0 \u00ed b\u00f3mullarsk\u00edfu og strj\u00faktu yfir hreina, \u00feurra h\u00fa\u00f0. Einnig m\u00e1 setja vatni\u00f0 \u00ed l\u00f3fana og klappa \u00fev\u00ed \u00e1 h\u00fa\u00f0ina.<\/p>\n<p>Notist 1-2 sinnum \u00ed viku.\u00a0 (V\u00e6gt &#8216;tingling&#8217; er e\u00f0lilegt)<\/p>\n<ul>\n<li>Talc-free<\/li>\n<li>Sulfate-free<\/li>\n<li>Silicone-free<\/li>\n<li>Artificial fragrance-free<\/li>\n<\/ul>\n<p>150ml \/ 5.07 fl.oz.<\/p>\n<p>&nbsp;<\/p>","protected":false},"featured_media":44923,"comment_status":"closed","ping_status":"closed","template":"","meta":[],"product_brand":[],"product_cat":[218,191],"product_tag":[],"class_list":{"0":"post-53337","1":"product","2":"type-product","3":"status-publish","4":"has-post-thumbnail","6":"product_cat-hanskin-2","7":"product_cat-hud-og-snyrtivorur","9":"first","10":"instock","11":"shipping-taxable","12":"purchasable","13":"product-type-simple"},"_links":{"self":[{"href":"https:\/\/ilmoliulampar.is\/en_gb\/wp-json\/wp\/v2\/product\/53337","targetHints":{"allow":["GET"]}}],"collection":[{"href":"https:\/\/ilmoliulampar.is\/en_gb\/wp-json\/wp\/v2\/product"}],"about":[{"href":"https:\/\/ilmoliulampar.is\/en_gb\/wp-json\/wp\/v2\/types\/product"}],"replies":[{"embeddable":true,"href":"https:\/\/ilmoliulampar.is\/en_gb\/wp-json\/wp\/v2\/comments?post=53337"}],"wp:featuredmedia":[{"embeddable":true,"href":"https:\/\/ilmoliulampar.is\/en_gb\/wp-json\/wp\/v2\/media\/44923"}],"wp:attachment":[{"href":"https:\/\/ilmoliulampar.is\/en_gb\/wp-json\/wp\/v2\/media?parent=53337"}],"wp:term":[{"taxonomy":"product_brand","embeddable":true,"href":"https:\/\/ilmoliulampar.is\/en_gb\/wp-json\/wp\/v2\/product_brand?post=53337"},{"taxonomy":"product_cat","embeddable":true,"href":"https:\/\/ilmoliulampar.is\/en_gb\/wp-json\/wp\/v2\/product_cat?post=53337"},{"taxonomy":"product_tag","embeddable":true,"href":"https:\/\/ilmoliulampar.is\/en_gb\/wp-json\/wp\/v2\/product_tag?post=53337"}],"curies":[{"name":"wp","href":"https:\/\/api.w.org\/{rel}","templated":true}]}}