{"id":53338,"date":"2022-11-02T17:37:18","date_gmt":"2022-11-02T17:37:18","guid":{"rendered":"https:\/\/new.ilmoliulampar.is\/product\/oliubrennari\/"},"modified":"2025-10-31T16:41:19","modified_gmt":"2025-10-31T16:41:19","slug":"oliubrennari","status":"publish","type":"product","link":"https:\/\/ilmoliulampar.is\/en_gb\/product\/oliubrennari\/","title":{"rendered":"Ol\u00edubrennari"},"content":{"rendered":"","protected":false},"excerpt":{"rendered":"<p>Ol\u00edubrennari fyrir ilm &amp; ilmkjarnaol\u00edur einnig er h\u00e6gt a\u00f0 nota ilmvax.<\/p>\n<p>Setur c.a. 50ml af vatni og nokkra dropa af \u00feinni upp\u00e1halds ilm e\u00f0a ilmkjarnaol\u00edu, kveikir \u00e1 sprittkerti undir og f\u00e6r\u00f0 d\u00e1samlegan ilm.<\/p>\n<p>&nbsp;<\/p>","protected":false},"featured_media":44932,"comment_status":"closed","ping_status":"closed","template":"","meta":[],"product_brand":[],"product_cat":[112,202],"product_tag":[],"class_list":{"0":"post-53338","1":"product","2":"type-product","3":"status-publish","4":"has-post-thumbnail","6":"product_cat-adrar-vorur","7":"product_cat-llmkerti-sprey-2","9":"first","10":"instock","11":"shipping-taxable","12":"purchasable","13":"product-type-simple"},"_links":{"self":[{"href":"https:\/\/ilmoliulampar.is\/en_gb\/wp-json\/wp\/v2\/product\/53338","targetHints":{"allow":["GET"]}}],"collection":[{"href":"https:\/\/ilmoliulampar.is\/en_gb\/wp-json\/wp\/v2\/product"}],"about":[{"href":"https:\/\/ilmoliulampar.is\/en_gb\/wp-json\/wp\/v2\/types\/product"}],"replies":[{"embeddable":true,"href":"https:\/\/ilmoliulampar.is\/en_gb\/wp-json\/wp\/v2\/comments?post=53338"}],"wp:featuredmedia":[{"embeddable":true,"href":"https:\/\/ilmoliulampar.is\/en_gb\/wp-json\/wp\/v2\/media\/44932"}],"wp:attachment":[{"href":"https:\/\/ilmoliulampar.is\/en_gb\/wp-json\/wp\/v2\/media?parent=53338"}],"wp:term":[{"taxonomy":"product_brand","embeddable":true,"href":"https:\/\/ilmoliulampar.is\/en_gb\/wp-json\/wp\/v2\/product_brand?post=53338"},{"taxonomy":"product_cat","embeddable":true,"href":"https:\/\/ilmoliulampar.is\/en_gb\/wp-json\/wp\/v2\/product_cat?post=53338"},{"taxonomy":"product_tag","embeddable":true,"href":"https:\/\/ilmoliulampar.is\/en_gb\/wp-json\/wp\/v2\/product_tag?post=53338"}],"curies":[{"name":"wp","href":"https:\/\/api.w.org\/{rel}","templated":true}]}}