{"id":53340,"date":"2022-11-03T11:32:04","date_gmt":"2022-11-03T11:32:04","guid":{"rendered":"https:\/\/new.ilmoliulampar.is\/product\/gryla\/"},"modified":"2026-02-10T12:18:10","modified_gmt":"2026-02-10T12:18:10","slug":"gryla","status":"publish","type":"product","link":"https:\/\/ilmoliulampar.is\/en_gb\/product\/gryla\/","title":{"rendered":"GR\u00ddLA"},"content":{"rendered":"","protected":false},"excerpt":{"rendered":"<p>Framandi krydd og ilmandi kanilstangir, \u00ed bland vi\u00f0 s\u00e6tar appels\u00ednur &amp; sandalwood sem skapa hl\u00fdja og notalega stemningu \u00e1 k\u00f6ldum vetrardegi.<\/p>\n<p>Sama lykt og af &#8222;Gr\u00fdlukertinu&#8220; okkar.<\/p>","protected":false},"featured_media":44948,"comment_status":"closed","ping_status":"closed","template":"","meta":[],"product_brand":[],"product_cat":[197,108],"product_tag":[],"class_list":{"0":"post-53340","1":"product","2":"type-product","3":"status-publish","4":"has-post-thumbnail","6":"product_cat-jolaoliur-oliur","7":"product_cat-oliur","9":"first","10":"instock","11":"shipping-taxable","12":"purchasable","13":"product-type-simple"},"_links":{"self":[{"href":"https:\/\/ilmoliulampar.is\/en_gb\/wp-json\/wp\/v2\/product\/53340","targetHints":{"allow":["GET"]}}],"collection":[{"href":"https:\/\/ilmoliulampar.is\/en_gb\/wp-json\/wp\/v2\/product"}],"about":[{"href":"https:\/\/ilmoliulampar.is\/en_gb\/wp-json\/wp\/v2\/types\/product"}],"replies":[{"embeddable":true,"href":"https:\/\/ilmoliulampar.is\/en_gb\/wp-json\/wp\/v2\/comments?post=53340"}],"wp:featuredmedia":[{"embeddable":true,"href":"https:\/\/ilmoliulampar.is\/en_gb\/wp-json\/wp\/v2\/media\/44948"}],"wp:attachment":[{"href":"https:\/\/ilmoliulampar.is\/en_gb\/wp-json\/wp\/v2\/media?parent=53340"}],"wp:term":[{"taxonomy":"product_brand","embeddable":true,"href":"https:\/\/ilmoliulampar.is\/en_gb\/wp-json\/wp\/v2\/product_brand?post=53340"},{"taxonomy":"product_cat","embeddable":true,"href":"https:\/\/ilmoliulampar.is\/en_gb\/wp-json\/wp\/v2\/product_cat?post=53340"},{"taxonomy":"product_tag","embeddable":true,"href":"https:\/\/ilmoliulampar.is\/en_gb\/wp-json\/wp\/v2\/product_tag?post=53340"}],"curies":[{"name":"wp","href":"https:\/\/api.w.org\/{rel}","templated":true}]}}