{"id":53341,"date":"2022-11-03T11:39:06","date_gmt":"2022-11-03T11:39:06","guid":{"rendered":"https:\/\/new.ilmoliulampar.is\/product\/greni\/"},"modified":"2026-02-10T12:18:03","modified_gmt":"2026-02-10T12:18:03","slug":"greni","status":"publish","type":"product","link":"https:\/\/ilmoliulampar.is\/en_gb\/product\/greni\/","title":{"rendered":"Greni"},"content":{"rendered":"","protected":false},"excerpt":{"rendered":"<p>Greni er himneskur j\u00f3lailmur sem kemur \u00f6llum \u00ed j\u00f3laskap!<\/p>\n<p>Ferskar gr\u00e6nar furun\u00e1lar \u00ed bland vi\u00f0 gu\u00f0d\u00f3malegar j\u00f3la mandar\u00ednur og bergamot.<\/p>\n<p>Mj\u00fakar n\u00f3tur af Balsam, Eucalyptus og Geranium, toppa\u00f0 me\u00f0 sedrusvi\u00f0, Patchouli og \u00f6rlitlu musk!<\/p>\n<p>Sama lykt og af Greni j\u00f3la kertinu okkar<\/p>","protected":false},"featured_media":44951,"comment_status":"closed","ping_status":"closed","template":"","meta":[],"product_brand":[],"product_cat":[136,197,108],"product_tag":[],"class_list":{"0":"post-53341","1":"product","2":"type-product","3":"status-publish","4":"has-post-thumbnail","6":"product_cat-jol","7":"product_cat-jolaoliur-oliur","8":"product_cat-oliur","10":"first","11":"instock","12":"shipping-taxable","13":"purchasable","14":"product-type-simple"},"_links":{"self":[{"href":"https:\/\/ilmoliulampar.is\/en_gb\/wp-json\/wp\/v2\/product\/53341","targetHints":{"allow":["GET"]}}],"collection":[{"href":"https:\/\/ilmoliulampar.is\/en_gb\/wp-json\/wp\/v2\/product"}],"about":[{"href":"https:\/\/ilmoliulampar.is\/en_gb\/wp-json\/wp\/v2\/types\/product"}],"replies":[{"embeddable":true,"href":"https:\/\/ilmoliulampar.is\/en_gb\/wp-json\/wp\/v2\/comments?post=53341"}],"wp:featuredmedia":[{"embeddable":true,"href":"https:\/\/ilmoliulampar.is\/en_gb\/wp-json\/wp\/v2\/media\/44951"}],"wp:attachment":[{"href":"https:\/\/ilmoliulampar.is\/en_gb\/wp-json\/wp\/v2\/media?parent=53341"}],"wp:term":[{"taxonomy":"product_brand","embeddable":true,"href":"https:\/\/ilmoliulampar.is\/en_gb\/wp-json\/wp\/v2\/product_brand?post=53341"},{"taxonomy":"product_cat","embeddable":true,"href":"https:\/\/ilmoliulampar.is\/en_gb\/wp-json\/wp\/v2\/product_cat?post=53341"},{"taxonomy":"product_tag","embeddable":true,"href":"https:\/\/ilmoliulampar.is\/en_gb\/wp-json\/wp\/v2\/product_tag?post=53341"}],"curies":[{"name":"wp","href":"https:\/\/api.w.org\/{rel}","templated":true}]}}