{"id":53344,"date":"2022-11-04T15:50:32","date_gmt":"2022-11-04T15:50:32","guid":{"rendered":"https:\/\/new.ilmoliulampar.is\/product\/gull-ondin-bordlampi\/"},"modified":"2026-02-24T16:30:43","modified_gmt":"2026-02-24T16:30:43","slug":"gull-ondin-bordlampi","status":"publish","type":"product","link":"https:\/\/ilmoliulampar.is\/en_gb\/product\/gull-ondin-bordlampi\/","title":{"rendered":"Bor\u00f0lampi &#8211; Son of A Duck (Gull \u00f6ndin)"},"content":{"rendered":"","protected":false},"excerpt":{"rendered":"<p>D\u00e1samlega fallega &#8222;Gull \u00d6ndin&#8220; er n\u00fa loksins f\u00e1anleg sem bor\u00f0lampi!<\/p>\n<p><strong>E27<\/strong> Pera (Fylgir ekki me\u00f0)<\/p>\n<p>H\u00e6\u00f0: 44cm<\/p>\n<p>Breidd: 18cm<\/p>","protected":false},"featured_media":44964,"comment_status":"closed","ping_status":"closed","template":"","meta":[],"product_brand":[],"product_cat":[184,132],"product_tag":[],"class_list":{"0":"post-53344","1":"product","2":"type-product","3":"status-publish","4":"has-post-thumbnail","6":"product_cat-bordlampar","7":"product_cat-heimilid-2","9":"first","10":"instock","11":"shipping-taxable","12":"purchasable","13":"product-type-simple"},"_links":{"self":[{"href":"https:\/\/ilmoliulampar.is\/en_gb\/wp-json\/wp\/v2\/product\/53344","targetHints":{"allow":["GET"]}}],"collection":[{"href":"https:\/\/ilmoliulampar.is\/en_gb\/wp-json\/wp\/v2\/product"}],"about":[{"href":"https:\/\/ilmoliulampar.is\/en_gb\/wp-json\/wp\/v2\/types\/product"}],"replies":[{"embeddable":true,"href":"https:\/\/ilmoliulampar.is\/en_gb\/wp-json\/wp\/v2\/comments?post=53344"}],"wp:featuredmedia":[{"embeddable":true,"href":"https:\/\/ilmoliulampar.is\/en_gb\/wp-json\/wp\/v2\/media\/44964"}],"wp:attachment":[{"href":"https:\/\/ilmoliulampar.is\/en_gb\/wp-json\/wp\/v2\/media?parent=53344"}],"wp:term":[{"taxonomy":"product_brand","embeddable":true,"href":"https:\/\/ilmoliulampar.is\/en_gb\/wp-json\/wp\/v2\/product_brand?post=53344"},{"taxonomy":"product_cat","embeddable":true,"href":"https:\/\/ilmoliulampar.is\/en_gb\/wp-json\/wp\/v2\/product_cat?post=53344"},{"taxonomy":"product_tag","embeddable":true,"href":"https:\/\/ilmoliulampar.is\/en_gb\/wp-json\/wp\/v2\/product_tag?post=53344"}],"curies":[{"name":"wp","href":"https:\/\/api.w.org\/{rel}","templated":true}]}}