{"id":53345,"date":"2022-11-04T16:16:32","date_gmt":"2022-11-04T16:16:32","guid":{"rendered":"https:\/\/new.ilmoliulampar.is\/product\/sjukrakassi-hvitur\/"},"modified":"2024-04-19T17:04:16","modified_gmt":"2024-04-19T17:04:16","slug":"sjukrakassi-hvitur","status":"publish","type":"product","link":"https:\/\/ilmoliulampar.is\/en_gb\/product\/sjukrakassi-hvitur\/","title":{"rendered":"Sj\u00fakrakassi | Hv\u00edtur"},"content":{"rendered":"","protected":false},"excerpt":{"rendered":"<p>Geymdu pl\u00e1stra, umb\u00fa\u00f0ir og lyf \u00ed trausta sj\u00fakrakassanum fr\u00e1 Solstickan. Sj\u00fakrakassinn er me\u00f0 samanbrj\u00f3tanlegri festingu til a\u00f0 au\u00f0velda uppsetningu \u00e1 vegg og svo au\u00f0velt s\u00e9 a\u00f0 taka hann me\u00f0 s\u00e9r \u00ed b\u00edlinn, b\u00e1tinn e\u00f0a sumarb\u00fasta\u00f0inn.<\/p>\n<p>Afhent \u00e1n innihalds.<\/p>\n<p><strong>St\u00e6r\u00f0ir:<\/strong> 16,5 x 23 x 7 cm<br \/>\n<strong>Efni:<\/strong> St\u00e1l<br \/>\n<strong>Litur:<\/strong>\u00a0Hv\u00edtur<\/p>","protected":false},"featured_media":44975,"comment_status":"closed","ping_status":"open","template":"","meta":[],"product_brand":[],"product_cat":[220],"product_tag":[],"class_list":{"0":"post-53345","1":"product","2":"type-product","3":"status-publish","4":"has-post-thumbnail","6":"product_cat-solstickan-designeldvarnarvorur-2","8":"first","9":"instock","10":"shipping-taxable","11":"purchasable","12":"product-type-simple"},"_links":{"self":[{"href":"https:\/\/ilmoliulampar.is\/en_gb\/wp-json\/wp\/v2\/product\/53345","targetHints":{"allow":["GET"]}}],"collection":[{"href":"https:\/\/ilmoliulampar.is\/en_gb\/wp-json\/wp\/v2\/product"}],"about":[{"href":"https:\/\/ilmoliulampar.is\/en_gb\/wp-json\/wp\/v2\/types\/product"}],"replies":[{"embeddable":true,"href":"https:\/\/ilmoliulampar.is\/en_gb\/wp-json\/wp\/v2\/comments?post=53345"}],"wp:featuredmedia":[{"embeddable":true,"href":"https:\/\/ilmoliulampar.is\/en_gb\/wp-json\/wp\/v2\/media\/44975"}],"wp:attachment":[{"href":"https:\/\/ilmoliulampar.is\/en_gb\/wp-json\/wp\/v2\/media?parent=53345"}],"wp:term":[{"taxonomy":"product_brand","embeddable":true,"href":"https:\/\/ilmoliulampar.is\/en_gb\/wp-json\/wp\/v2\/product_brand?post=53345"},{"taxonomy":"product_cat","embeddable":true,"href":"https:\/\/ilmoliulampar.is\/en_gb\/wp-json\/wp\/v2\/product_cat?post=53345"},{"taxonomy":"product_tag","embeddable":true,"href":"https:\/\/ilmoliulampar.is\/en_gb\/wp-json\/wp\/v2\/product_tag?post=53345"}],"curies":[{"name":"wp","href":"https:\/\/api.w.org\/{rel}","templated":true}]}}