{"id":53354,"date":"2022-11-08T13:33:56","date_gmt":"2022-11-08T13:33:56","guid":{"rendered":"https:\/\/new.ilmoliulampar.is\/product\/eucalyptus-made-by-zen\/"},"modified":"2025-11-10T15:06:32","modified_gmt":"2025-11-10T15:06:32","slug":"eucalyptus-made-by-zen","status":"publish","type":"product","link":"https:\/\/ilmoliulampar.is\/en_gb\/product\/eucalyptus-made-by-zen\/","title":{"rendered":"Eucalyptus &#8211; Made by Zen"},"content":{"rendered":"","protected":false},"excerpt":{"rendered":"<p>\u00deetta er hrein ilmkjarnaol\u00eda unnin \u00far ferskum laufum af Tr\u00f6llatr\u00e9.<br \/>\nH\u00fan er svo hrein og g\u00f3\u00f0, \u00fea\u00f0 er svo gott a\u00f0 anda henni a\u00f0 s\u00e9r.<br \/>\nEf \u00fe\u00fa ert me\u00f0 kvef e\u00f0a flensu \u00fe\u00e1 er \u00feessi algj\u00f6rlega \u00feess vir\u00f0i.<\/p>\n<p>Rosalega\u00a0gott a\u00f0 nota yfir n\u00f3ttina og blanda 1-2 dropum af Tea tree saman vi\u00f0.<br \/>\nER mj\u00f6g g\u00f3\u00f0 fyrir bit og s\u00fdkingar. Einnig g\u00f3\u00f0 fyrir gigt.<\/p>\n<p>\u00de\u00fa manst&#8230;gamla g\u00f3\u00f0a Vick-i\u00f0<\/p>","protected":false},"featured_media":66032,"comment_status":"closed","ping_status":"closed","template":"","meta":[],"product_brand":[],"product_cat":[224,108],"product_tag":[],"class_list":{"0":"post-53354","1":"product","2":"type-product","3":"status-publish","4":"has-post-thumbnail","6":"product_cat-ilmkjarnaoliur-oliur","7":"product_cat-oliur","9":"first","10":"instock","11":"shipping-taxable","12":"purchasable","13":"product-type-simple"},"_links":{"self":[{"href":"https:\/\/ilmoliulampar.is\/en_gb\/wp-json\/wp\/v2\/product\/53354","targetHints":{"allow":["GET"]}}],"collection":[{"href":"https:\/\/ilmoliulampar.is\/en_gb\/wp-json\/wp\/v2\/product"}],"about":[{"href":"https:\/\/ilmoliulampar.is\/en_gb\/wp-json\/wp\/v2\/types\/product"}],"replies":[{"embeddable":true,"href":"https:\/\/ilmoliulampar.is\/en_gb\/wp-json\/wp\/v2\/comments?post=53354"}],"wp:featuredmedia":[{"embeddable":true,"href":"https:\/\/ilmoliulampar.is\/en_gb\/wp-json\/wp\/v2\/media\/66032"}],"wp:attachment":[{"href":"https:\/\/ilmoliulampar.is\/en_gb\/wp-json\/wp\/v2\/media?parent=53354"}],"wp:term":[{"taxonomy":"product_brand","embeddable":true,"href":"https:\/\/ilmoliulampar.is\/en_gb\/wp-json\/wp\/v2\/product_brand?post=53354"},{"taxonomy":"product_cat","embeddable":true,"href":"https:\/\/ilmoliulampar.is\/en_gb\/wp-json\/wp\/v2\/product_cat?post=53354"},{"taxonomy":"product_tag","embeddable":true,"href":"https:\/\/ilmoliulampar.is\/en_gb\/wp-json\/wp\/v2\/product_tag?post=53354"}],"curies":[{"name":"wp","href":"https:\/\/api.w.org\/{rel}","templated":true}]}}