{"id":53355,"date":"2022-11-08T17:27:21","date_gmt":"2022-11-08T17:27:21","guid":{"rendered":"https:\/\/new.ilmoliulampar.is\/product\/antik-gyllt-bord-a-hjolum\/"},"modified":"2025-08-21T17:34:20","modified_gmt":"2025-08-21T17:34:20","slug":"antik-gyllt-bord-a-hjolum","status":"publish","type":"product","link":"https:\/\/ilmoliulampar.is\/en_gb\/product\/antik-gyllt-bord-a-hjolum\/","title":{"rendered":"&#8222;Ant\u00edk&#8220; gyllt bor\u00f0 \u00e1 hj\u00f3lum"},"content":{"rendered":"","protected":false},"excerpt":{"rendered":"<p>\u00d3tr\u00falega fallegt &#8222;ant\u00edk&#8220; gyllt bor\u00f0 me\u00f0 speglum \u00e1 hj\u00f3lum.<\/p>\n<p>H\u00e6\u00f0: 77CM<\/p>\n<p>Breidd: 42CM<\/p>","protected":false},"featured_media":64529,"comment_status":"closed","ping_status":"closed","template":"","meta":[],"product_brand":[],"product_cat":[247,132],"product_tag":[],"class_list":{"0":"post-53355","1":"product","2":"type-product","3":"status-publish","4":"has-post-thumbnail","6":"product_cat-bord","7":"product_cat-heimilid-2","9":"first","10":"instock","11":"shipping-taxable","12":"purchasable","13":"product-type-simple"},"_links":{"self":[{"href":"https:\/\/ilmoliulampar.is\/en_gb\/wp-json\/wp\/v2\/product\/53355","targetHints":{"allow":["GET"]}}],"collection":[{"href":"https:\/\/ilmoliulampar.is\/en_gb\/wp-json\/wp\/v2\/product"}],"about":[{"href":"https:\/\/ilmoliulampar.is\/en_gb\/wp-json\/wp\/v2\/types\/product"}],"replies":[{"embeddable":true,"href":"https:\/\/ilmoliulampar.is\/en_gb\/wp-json\/wp\/v2\/comments?post=53355"}],"wp:featuredmedia":[{"embeddable":true,"href":"https:\/\/ilmoliulampar.is\/en_gb\/wp-json\/wp\/v2\/media\/64529"}],"wp:attachment":[{"href":"https:\/\/ilmoliulampar.is\/en_gb\/wp-json\/wp\/v2\/media?parent=53355"}],"wp:term":[{"taxonomy":"product_brand","embeddable":true,"href":"https:\/\/ilmoliulampar.is\/en_gb\/wp-json\/wp\/v2\/product_brand?post=53355"},{"taxonomy":"product_cat","embeddable":true,"href":"https:\/\/ilmoliulampar.is\/en_gb\/wp-json\/wp\/v2\/product_cat?post=53355"},{"taxonomy":"product_tag","embeddable":true,"href":"https:\/\/ilmoliulampar.is\/en_gb\/wp-json\/wp\/v2\/product_tag?post=53355"}],"curies":[{"name":"wp","href":"https:\/\/api.w.org\/{rel}","templated":true}]}}