{"id":53356,"date":"2022-11-08T17:35:44","date_gmt":"2022-11-08T17:35:44","guid":{"rendered":"https:\/\/new.ilmoliulampar.is\/product\/svart-gyllt-bakkabord-med-marmara-munstri\/"},"modified":"2025-02-28T12:08:21","modified_gmt":"2025-02-28T12:08:21","slug":"svart-gyllt-bakkabord-med-marmara-munstri","status":"publish","type":"product","link":"https:\/\/ilmoliulampar.is\/en_gb\/product\/svart-gyllt-bakkabord-med-marmara-munstri\/","title":{"rendered":"Svart &#038; gyllt bakkabor\u00f0 me\u00f0 marmara munstri"},"content":{"rendered":"","protected":false},"excerpt":{"rendered":"<p>D\u00e1samlega fallegt sett me\u00f0 2 bakkabor\u00f0um.<\/p>\n<p>Svart &amp; Gyllt me\u00f0 marmara munstri.<\/p>\n<p>St\u00e6rri bor\u00f0i\u00f0 h\u00e6\u00f0: 72cm x 45,5cm<\/p>\n<p>Minna bor\u00f0i\u00f0 h\u00e6\u00f0: 58,5 cm x 38cm<\/p>","protected":false},"featured_media":45028,"comment_status":"closed","ping_status":"closed","template":"","meta":[],"product_brand":[],"product_cat":[247,132],"product_tag":[],"class_list":{"0":"post-53356","1":"product","2":"type-product","3":"status-publish","4":"has-post-thumbnail","6":"product_cat-bord","7":"product_cat-heimilid-2","9":"first","10":"instock","11":"shipping-taxable","12":"purchasable","13":"product-type-simple"},"_links":{"self":[{"href":"https:\/\/ilmoliulampar.is\/en_gb\/wp-json\/wp\/v2\/product\/53356","targetHints":{"allow":["GET"]}}],"collection":[{"href":"https:\/\/ilmoliulampar.is\/en_gb\/wp-json\/wp\/v2\/product"}],"about":[{"href":"https:\/\/ilmoliulampar.is\/en_gb\/wp-json\/wp\/v2\/types\/product"}],"replies":[{"embeddable":true,"href":"https:\/\/ilmoliulampar.is\/en_gb\/wp-json\/wp\/v2\/comments?post=53356"}],"wp:featuredmedia":[{"embeddable":true,"href":"https:\/\/ilmoliulampar.is\/en_gb\/wp-json\/wp\/v2\/media\/45028"}],"wp:attachment":[{"href":"https:\/\/ilmoliulampar.is\/en_gb\/wp-json\/wp\/v2\/media?parent=53356"}],"wp:term":[{"taxonomy":"product_brand","embeddable":true,"href":"https:\/\/ilmoliulampar.is\/en_gb\/wp-json\/wp\/v2\/product_brand?post=53356"},{"taxonomy":"product_cat","embeddable":true,"href":"https:\/\/ilmoliulampar.is\/en_gb\/wp-json\/wp\/v2\/product_cat?post=53356"},{"taxonomy":"product_tag","embeddable":true,"href":"https:\/\/ilmoliulampar.is\/en_gb\/wp-json\/wp\/v2\/product_tag?post=53356"}],"curies":[{"name":"wp","href":"https:\/\/api.w.org\/{rel}","templated":true}]}}