{"id":53361,"date":"2022-11-09T12:28:48","date_gmt":"2022-11-09T12:28:48","guid":{"rendered":"https:\/\/new.ilmoliulampar.is\/product\/svartur-gylltur-skenkur\/"},"modified":"2025-09-08T15:06:47","modified_gmt":"2025-09-08T15:06:47","slug":"svartur-gylltur-skenkur","status":"publish","type":"product","link":"https:\/\/ilmoliulampar.is\/en_gb\/product\/svartur-gylltur-skenkur\/","title":{"rendered":"Svartur &#038; Gylltur Skenkur 30% afsl\u00e1ttur"},"content":{"rendered":"","protected":false},"excerpt":{"rendered":"<p>\u00d3tr\u00falega fallegur og vanda\u00f0ur Rustic skenkur \/ sj\u00f3nvarpsskenkur.<\/p>\n<p>D\u00f6kkur \/ Gylltur<\/p>\n<p>H\u00e6\u00f0 : 56 cm<\/p>\n<p>Breidd : 160 cm<\/p>\n<p>D\u00fdpt : 44 cm<\/p>","protected":false},"featured_media":56656,"comment_status":"closed","ping_status":"closed","template":"","meta":[],"product_brand":[],"product_cat":[132,230,121],"product_tag":[],"class_list":{"0":"post-53361","1":"product","2":"type-product","3":"status-publish","4":"has-post-thumbnail","6":"product_cat-heimilid-2","7":"product_cat-laekkadverd","8":"product_cat-tilbod-adrar-vorur","10":"first","11":"outofstock","12":"sale","13":"shipping-taxable","14":"purchasable","15":"product-type-simple"},"_links":{"self":[{"href":"https:\/\/ilmoliulampar.is\/en_gb\/wp-json\/wp\/v2\/product\/53361","targetHints":{"allow":["GET"]}}],"collection":[{"href":"https:\/\/ilmoliulampar.is\/en_gb\/wp-json\/wp\/v2\/product"}],"about":[{"href":"https:\/\/ilmoliulampar.is\/en_gb\/wp-json\/wp\/v2\/types\/product"}],"replies":[{"embeddable":true,"href":"https:\/\/ilmoliulampar.is\/en_gb\/wp-json\/wp\/v2\/comments?post=53361"}],"wp:featuredmedia":[{"embeddable":true,"href":"https:\/\/ilmoliulampar.is\/en_gb\/wp-json\/wp\/v2\/media\/56656"}],"wp:attachment":[{"href":"https:\/\/ilmoliulampar.is\/en_gb\/wp-json\/wp\/v2\/media?parent=53361"}],"wp:term":[{"taxonomy":"product_brand","embeddable":true,"href":"https:\/\/ilmoliulampar.is\/en_gb\/wp-json\/wp\/v2\/product_brand?post=53361"},{"taxonomy":"product_cat","embeddable":true,"href":"https:\/\/ilmoliulampar.is\/en_gb\/wp-json\/wp\/v2\/product_cat?post=53361"},{"taxonomy":"product_tag","embeddable":true,"href":"https:\/\/ilmoliulampar.is\/en_gb\/wp-json\/wp\/v2\/product_tag?post=53361"}],"curies":[{"name":"wp","href":"https:\/\/api.w.org\/{rel}","templated":true}]}}