{"id":53362,"date":"2022-11-09T12:43:04","date_gmt":"2022-11-09T12:43:04","guid":{"rendered":"https:\/\/new.ilmoliulampar.is\/product\/svartur-gylltur-veggskapur\/"},"modified":"2023-04-03T18:03:37","modified_gmt":"2023-04-03T18:03:37","slug":"svartur-gylltur-veggskapur","status":"publish","type":"product","link":"https:\/\/ilmoliulampar.is\/en_gb\/product\/svartur-gylltur-veggskapur\/","title":{"rendered":"Svartur &#038; Gylltur veggsk\u00e1pur"},"content":{"rendered":"","protected":false},"excerpt":{"rendered":"<p>\u00d3tr\u00falega fallegur og vanda\u00f0ur hringl\u00f3ttur Rustic veggsk\u00e1pur.<\/p>\n<p>H\u00e6\u00f0 : 98 cm<\/p>\n<p>Breidd : 98 cm<\/p>\n<p>D\u00fdpt: 26 cm<\/p>","protected":false},"featured_media":45064,"comment_status":"closed","ping_status":"closed","template":"","meta":[],"product_brand":[],"product_cat":[132],"product_tag":[],"class_list":{"0":"post-53362","1":"product","2":"type-product","3":"status-publish","4":"has-post-thumbnail","6":"product_cat-heimilid-2","8":"first","9":"outofstock","10":"shipping-taxable","11":"purchasable","12":"product-type-simple"},"_links":{"self":[{"href":"https:\/\/ilmoliulampar.is\/en_gb\/wp-json\/wp\/v2\/product\/53362","targetHints":{"allow":["GET"]}}],"collection":[{"href":"https:\/\/ilmoliulampar.is\/en_gb\/wp-json\/wp\/v2\/product"}],"about":[{"href":"https:\/\/ilmoliulampar.is\/en_gb\/wp-json\/wp\/v2\/types\/product"}],"replies":[{"embeddable":true,"href":"https:\/\/ilmoliulampar.is\/en_gb\/wp-json\/wp\/v2\/comments?post=53362"}],"wp:featuredmedia":[{"embeddable":true,"href":"https:\/\/ilmoliulampar.is\/en_gb\/wp-json\/wp\/v2\/media\/45064"}],"wp:attachment":[{"href":"https:\/\/ilmoliulampar.is\/en_gb\/wp-json\/wp\/v2\/media?parent=53362"}],"wp:term":[{"taxonomy":"product_brand","embeddable":true,"href":"https:\/\/ilmoliulampar.is\/en_gb\/wp-json\/wp\/v2\/product_brand?post=53362"},{"taxonomy":"product_cat","embeddable":true,"href":"https:\/\/ilmoliulampar.is\/en_gb\/wp-json\/wp\/v2\/product_cat?post=53362"},{"taxonomy":"product_tag","embeddable":true,"href":"https:\/\/ilmoliulampar.is\/en_gb\/wp-json\/wp\/v2\/product_tag?post=53362"}],"curies":[{"name":"wp","href":"https:\/\/api.w.org\/{rel}","templated":true}]}}