{"id":53366,"date":"2022-11-09T15:03:38","date_gmt":"2022-11-09T15:03:38","guid":{"rendered":"https:\/\/new.ilmoliulampar.is\/product\/grar-ledurstoll\/"},"modified":"2025-12-15T11:24:26","modified_gmt":"2025-12-15T11:24:26","slug":"grar-ledurstoll","status":"publish","type":"product","link":"https:\/\/ilmoliulampar.is\/en_gb\/product\/grar-ledurstoll\/","title":{"rendered":"Gr\u00e1rgr\u00e6nn  Le\u00f0urst\u00f3ll"},"content":{"rendered":"","protected":false},"excerpt":{"rendered":"<p>\u00d3tr\u00falega fallegur og vanda\u00f0ur le\u00f0urst\u00f3ll \u00ed hl\u00fdum gr\u00e1gr\u00e6num lit.<\/p>\n<p>Einstaklega \u00fe\u00e6gilegir a\u00f0 sitja \u00ed. St\u00f3llinn tekur mj\u00f6g vel utan um \u00feig.<\/p>\n<p><strong>76 x 62,5 x 58 CM<\/strong><\/p>","protected":false},"featured_media":58228,"comment_status":"closed","ping_status":"closed","template":"","meta":[],"product_brand":[],"product_cat":[132,254],"product_tag":[],"class_list":{"0":"post-53366","1":"product","2":"type-product","3":"status-publish","4":"has-post-thumbnail","6":"product_cat-heimilid-2","7":"product_cat-stolar","9":"first","10":"instock","11":"sale","12":"shipping-taxable","13":"purchasable","14":"product-type-simple"},"_links":{"self":[{"href":"https:\/\/ilmoliulampar.is\/en_gb\/wp-json\/wp\/v2\/product\/53366","targetHints":{"allow":["GET"]}}],"collection":[{"href":"https:\/\/ilmoliulampar.is\/en_gb\/wp-json\/wp\/v2\/product"}],"about":[{"href":"https:\/\/ilmoliulampar.is\/en_gb\/wp-json\/wp\/v2\/types\/product"}],"replies":[{"embeddable":true,"href":"https:\/\/ilmoliulampar.is\/en_gb\/wp-json\/wp\/v2\/comments?post=53366"}],"wp:featuredmedia":[{"embeddable":true,"href":"https:\/\/ilmoliulampar.is\/en_gb\/wp-json\/wp\/v2\/media\/58228"}],"wp:attachment":[{"href":"https:\/\/ilmoliulampar.is\/en_gb\/wp-json\/wp\/v2\/media?parent=53366"}],"wp:term":[{"taxonomy":"product_brand","embeddable":true,"href":"https:\/\/ilmoliulampar.is\/en_gb\/wp-json\/wp\/v2\/product_brand?post=53366"},{"taxonomy":"product_cat","embeddable":true,"href":"https:\/\/ilmoliulampar.is\/en_gb\/wp-json\/wp\/v2\/product_cat?post=53366"},{"taxonomy":"product_tag","embeddable":true,"href":"https:\/\/ilmoliulampar.is\/en_gb\/wp-json\/wp\/v2\/product_tag?post=53366"}],"curies":[{"name":"wp","href":"https:\/\/api.w.org\/{rel}","templated":true}]}}