{"id":53373,"date":"2022-11-16T12:04:34","date_gmt":"2022-11-16T12:04:34","guid":{"rendered":"https:\/\/new.ilmoliulampar.is\/product\/pafagaukur-kertastandur\/"},"modified":"2025-11-03T17:15:27","modified_gmt":"2025-11-03T17:15:27","slug":"pafagaukur-kertastandur","status":"publish","type":"product","link":"https:\/\/ilmoliulampar.is\/en_gb\/product\/pafagaukur-kertastandur\/","title":{"rendered":"P\u00e1fagaukur &#8211; Kertastjaki"},"content":{"rendered":"","protected":false},"excerpt":{"rendered":"<p>\u00d3tr\u00falega fallegur og vanda\u00f0ur gylltur kertastjaki.<\/p>\n<p>&nbsp;<\/p>\n<p>H\u00e6\u00f0 47 cm<\/p>\n<p>breidd 35 cm<\/p>","protected":false},"featured_media":57562,"comment_status":"closed","ping_status":"closed","template":"","meta":[],"product_brand":[],"product_cat":[132,246,230],"product_tag":[],"class_list":{"0":"post-53373","1":"product","2":"type-product","3":"status-publish","4":"has-post-thumbnail","6":"product_cat-heimilid-2","7":"product_cat-kertastjakar","8":"product_cat-laekkadverd","10":"first","11":"instock","12":"sale","13":"shipping-taxable","14":"purchasable","15":"product-type-simple"},"_links":{"self":[{"href":"https:\/\/ilmoliulampar.is\/en_gb\/wp-json\/wp\/v2\/product\/53373","targetHints":{"allow":["GET"]}}],"collection":[{"href":"https:\/\/ilmoliulampar.is\/en_gb\/wp-json\/wp\/v2\/product"}],"about":[{"href":"https:\/\/ilmoliulampar.is\/en_gb\/wp-json\/wp\/v2\/types\/product"}],"replies":[{"embeddable":true,"href":"https:\/\/ilmoliulampar.is\/en_gb\/wp-json\/wp\/v2\/comments?post=53373"}],"wp:featuredmedia":[{"embeddable":true,"href":"https:\/\/ilmoliulampar.is\/en_gb\/wp-json\/wp\/v2\/media\/57562"}],"wp:attachment":[{"href":"https:\/\/ilmoliulampar.is\/en_gb\/wp-json\/wp\/v2\/media?parent=53373"}],"wp:term":[{"taxonomy":"product_brand","embeddable":true,"href":"https:\/\/ilmoliulampar.is\/en_gb\/wp-json\/wp\/v2\/product_brand?post=53373"},{"taxonomy":"product_cat","embeddable":true,"href":"https:\/\/ilmoliulampar.is\/en_gb\/wp-json\/wp\/v2\/product_cat?post=53373"},{"taxonomy":"product_tag","embeddable":true,"href":"https:\/\/ilmoliulampar.is\/en_gb\/wp-json\/wp\/v2\/product_tag?post=53373"}],"curies":[{"name":"wp","href":"https:\/\/api.w.org\/{rel}","templated":true}]}}