{"id":53375,"date":"2022-11-16T12:23:40","date_gmt":"2022-11-16T12:23:40","guid":{"rendered":"https:\/\/new.ilmoliulampar.is\/product\/gylltur-pafagaukur-a-standi\/"},"modified":"2024-07-23T13:23:40","modified_gmt":"2024-07-23T13:23:40","slug":"gylltur-pafagaukur-a-standi","status":"publish","type":"product","link":"https:\/\/ilmoliulampar.is\/en_gb\/product\/gylltur-pafagaukur-a-standi\/","title":{"rendered":"Gylltur P\u00e1fagaukur \u00e1 standi"},"content":{"rendered":"","protected":false},"excerpt":{"rendered":"<p>Fallegur gylltur p\u00e1fagaukur \u00e1 sv\u00f6rtum standi.<\/p>\n<p>H\u00e6\u00f0 :41 CM<\/p>\n<p>Breidd :10 CM<\/p>","protected":false},"featured_media":55108,"comment_status":"closed","ping_status":"closed","template":"","meta":[],"product_brand":[],"product_cat":[132],"product_tag":[],"class_list":{"0":"post-53375","1":"product","2":"type-product","3":"status-publish","4":"has-post-thumbnail","6":"product_cat-heimilid-2","8":"first","9":"outofstock","10":"shipping-taxable","11":"purchasable","12":"product-type-simple"},"_links":{"self":[{"href":"https:\/\/ilmoliulampar.is\/en_gb\/wp-json\/wp\/v2\/product\/53375","targetHints":{"allow":["GET"]}}],"collection":[{"href":"https:\/\/ilmoliulampar.is\/en_gb\/wp-json\/wp\/v2\/product"}],"about":[{"href":"https:\/\/ilmoliulampar.is\/en_gb\/wp-json\/wp\/v2\/types\/product"}],"replies":[{"embeddable":true,"href":"https:\/\/ilmoliulampar.is\/en_gb\/wp-json\/wp\/v2\/comments?post=53375"}],"wp:featuredmedia":[{"embeddable":true,"href":"https:\/\/ilmoliulampar.is\/en_gb\/wp-json\/wp\/v2\/media\/55108"}],"wp:attachment":[{"href":"https:\/\/ilmoliulampar.is\/en_gb\/wp-json\/wp\/v2\/media?parent=53375"}],"wp:term":[{"taxonomy":"product_brand","embeddable":true,"href":"https:\/\/ilmoliulampar.is\/en_gb\/wp-json\/wp\/v2\/product_brand?post=53375"},{"taxonomy":"product_cat","embeddable":true,"href":"https:\/\/ilmoliulampar.is\/en_gb\/wp-json\/wp\/v2\/product_cat?post=53375"},{"taxonomy":"product_tag","embeddable":true,"href":"https:\/\/ilmoliulampar.is\/en_gb\/wp-json\/wp\/v2\/product_tag?post=53375"}],"curies":[{"name":"wp","href":"https:\/\/api.w.org\/{rel}","templated":true}]}}