{"id":53378,"date":"2022-11-16T17:17:55","date_gmt":"2022-11-16T17:17:55","guid":{"rendered":"https:\/\/new.ilmoliulampar.is\/product\/led-kerti-gull-silfur-4-saman-i-pakka\/"},"modified":"2026-02-05T17:21:36","modified_gmt":"2026-02-05T17:21:36","slug":"led-kerti-gull-silfur-4-saman-i-pakka","status":"publish","type":"product","link":"https:\/\/ilmoliulampar.is\/en_gb\/product\/led-kerti-gull-silfur-4-saman-i-pakka\/","title":{"rendered":"LED Kerti, 4 stk \u00ed setti, m\/ fjarst\u00fdringu \u2013 Gull &#038; Silfur"},"content":{"rendered":"","protected":false},"excerpt":{"rendered":"<p><strong>LED kerti me\u00f0 fjarst\u00fdringu!<\/strong><\/p>\n<p>Koma 4 stk \u00ed pakka.<\/p>\n<p>\u00c6\u00f0isleg kerti sem eru s\u00e9rstaklega e\u00f0lileg! H\u00e6gt a\u00f0 stilla \u00e1 t\u00edmastillingu, eins velja hve margar klst skal vera kveikt \u00ed einu.<\/p>\n<p>H\u00e6\u00f0: 24.5 cm<\/p>\n<p>Hvert kerti \u00fearf 2x AAA batter\u00fd .<\/p>\n<p>(Batter\u00fd ekki innifalin)<\/p>","protected":false},"featured_media":45150,"comment_status":"closed","ping_status":"closed","template":"","meta":[],"product_brand":[],"product_cat":[136,230,149],"product_tag":[],"class_list":{"0":"post-53378","1":"product","2":"type-product","3":"status-publish","4":"has-post-thumbnail","6":"product_cat-jol","7":"product_cat-laekkadverd","8":"product_cat-led-kerti","10":"first","11":"instock","12":"sale","13":"shipping-taxable","14":"purchasable","15":"product-type-variable"},"_links":{"self":[{"href":"https:\/\/ilmoliulampar.is\/en_gb\/wp-json\/wp\/v2\/product\/53378","targetHints":{"allow":["GET"]}}],"collection":[{"href":"https:\/\/ilmoliulampar.is\/en_gb\/wp-json\/wp\/v2\/product"}],"about":[{"href":"https:\/\/ilmoliulampar.is\/en_gb\/wp-json\/wp\/v2\/types\/product"}],"replies":[{"embeddable":true,"href":"https:\/\/ilmoliulampar.is\/en_gb\/wp-json\/wp\/v2\/comments?post=53378"}],"wp:featuredmedia":[{"embeddable":true,"href":"https:\/\/ilmoliulampar.is\/en_gb\/wp-json\/wp\/v2\/media\/45150"}],"wp:attachment":[{"href":"https:\/\/ilmoliulampar.is\/en_gb\/wp-json\/wp\/v2\/media?parent=53378"}],"wp:term":[{"taxonomy":"product_brand","embeddable":true,"href":"https:\/\/ilmoliulampar.is\/en_gb\/wp-json\/wp\/v2\/product_brand?post=53378"},{"taxonomy":"product_cat","embeddable":true,"href":"https:\/\/ilmoliulampar.is\/en_gb\/wp-json\/wp\/v2\/product_cat?post=53378"},{"taxonomy":"product_tag","embeddable":true,"href":"https:\/\/ilmoliulampar.is\/en_gb\/wp-json\/wp\/v2\/product_tag?post=53378"}],"curies":[{"name":"wp","href":"https:\/\/api.w.org\/{rel}","templated":true}]}}