{"id":53386,"date":"2022-11-24T15:58:24","date_gmt":"2022-11-24T15:58:24","guid":{"rendered":"https:\/\/new.ilmoliulampar.is\/product\/veggljos-gorilla-2-litir\/"},"modified":"2026-01-30T14:28:07","modified_gmt":"2026-01-30T14:28:07","slug":"veggljos-gorilla-2-litir","status":"publish","type":"product","link":"https:\/\/ilmoliulampar.is\/en_gb\/product\/veggljos-gorilla-2-litir\/","title":{"rendered":"G\u00f3rilla &#8211; Vegglampi &#8211; 2 litir"},"content":{"rendered":"","protected":false},"excerpt":{"rendered":"<div class=\"\" data-block=\"true\" data-editor=\"129a7\" data-offset-key=\"e7dum-0-0\">\n<div data-offset-key=\"e7dum-0-0\">\u00d3tr\u00falega fallegir og vanda\u00f0ir G\u00f3rillu lampar !<\/div>\n<div data-offset-key=\"e7dum-0-0\">koma \u00ed 2 litum ,svartur &amp; gylltur.<\/div>\n<div data-offset-key=\"e7dum-0-0\"><\/div>\n<div class=\"_1mf _1mj\" data-offset-key=\"e7dum-0-0\"><span data-offset-key=\"e7dum-0-0\">Ath, sn\u00faran sem fylgir er me\u00f0 innstungu, hann er ekki tengdur vi\u00f0 d\u00f3s \u00e1 veggnum,<\/span><\/div>\n<\/div>\n<div class=\"\" data-block=\"true\" data-editor=\"129a7\" data-offset-key=\"9s7hi-0-0\">\n<div class=\"_1mf _1mj\" data-offset-key=\"9s7hi-0-0\"><span data-offset-key=\"9s7hi-0-0\">\u00fev\u00ed h\u00e6gt a\u00f0 hengja hvar sem er! \u2763<\/span><\/div>\n<\/div>\n<div data-offset-key=\"9s7hi-0-0\"><\/div>\n<div data-offset-key=\"9s7hi-0-0\">Pera fylgir ekki me\u00f0.<\/div>","protected":false},"featured_media":45192,"comment_status":"closed","ping_status":"closed","template":"","meta":[],"product_brand":[],"product_cat":[132,185],"product_tag":[],"class_list":{"0":"post-53386","1":"product","2":"type-product","3":"status-publish","4":"has-post-thumbnail","6":"product_cat-heimilid-2","7":"product_cat-vegglampar","9":"first","10":"instock","11":"shipping-taxable","12":"purchasable","13":"product-type-variable"},"_links":{"self":[{"href":"https:\/\/ilmoliulampar.is\/en_gb\/wp-json\/wp\/v2\/product\/53386","targetHints":{"allow":["GET"]}}],"collection":[{"href":"https:\/\/ilmoliulampar.is\/en_gb\/wp-json\/wp\/v2\/product"}],"about":[{"href":"https:\/\/ilmoliulampar.is\/en_gb\/wp-json\/wp\/v2\/types\/product"}],"replies":[{"embeddable":true,"href":"https:\/\/ilmoliulampar.is\/en_gb\/wp-json\/wp\/v2\/comments?post=53386"}],"wp:featuredmedia":[{"embeddable":true,"href":"https:\/\/ilmoliulampar.is\/en_gb\/wp-json\/wp\/v2\/media\/45192"}],"wp:attachment":[{"href":"https:\/\/ilmoliulampar.is\/en_gb\/wp-json\/wp\/v2\/media?parent=53386"}],"wp:term":[{"taxonomy":"product_brand","embeddable":true,"href":"https:\/\/ilmoliulampar.is\/en_gb\/wp-json\/wp\/v2\/product_brand?post=53386"},{"taxonomy":"product_cat","embeddable":true,"href":"https:\/\/ilmoliulampar.is\/en_gb\/wp-json\/wp\/v2\/product_cat?post=53386"},{"taxonomy":"product_tag","embeddable":true,"href":"https:\/\/ilmoliulampar.is\/en_gb\/wp-json\/wp\/v2\/product_tag?post=53386"}],"curies":[{"name":"wp","href":"https:\/\/api.w.org\/{rel}","templated":true}]}}