{"id":53394,"date":"2022-11-25T14:53:22","date_gmt":"2022-11-25T14:53:22","guid":{"rendered":"https:\/\/new.ilmoliulampar.is\/product\/bordlampi-kafari\/"},"modified":"2025-11-11T12:23:25","modified_gmt":"2025-11-11T12:23:25","slug":"bordlampi-kafari","status":"publish","type":"product","link":"https:\/\/ilmoliulampar.is\/en_gb\/product\/bordlampi-kafari\/","title":{"rendered":"Bor\u00f0lampi &#8211; &#8222;Diver Dan&#8220;"},"content":{"rendered":"","protected":false},"excerpt":{"rendered":"<p>\u00d3tr\u00falega flottur og vanda\u00f0ur Gylltur kafari &#8211; api.<\/p>\n<p>H\u00e6\u00f0 : 50 Cm<\/p>\n<p>Breidd : 31 Cm<\/p>\n<p>Ath pera fylgir ekki me\u00f0<\/p>","protected":false},"featured_media":45245,"comment_status":"closed","ping_status":"closed","template":"","meta":[],"product_brand":[],"product_cat":[184,132,107],"product_tag":[],"class_list":{"0":"post-53394","1":"product","2":"type-product","3":"status-publish","4":"has-post-thumbnail","6":"product_cat-bordlampar","7":"product_cat-heimilid-2","8":"product_cat-lampar","10":"first","11":"outofstock","12":"shipping-taxable","13":"purchasable","14":"product-type-simple"},"_links":{"self":[{"href":"https:\/\/ilmoliulampar.is\/en_gb\/wp-json\/wp\/v2\/product\/53394","targetHints":{"allow":["GET"]}}],"collection":[{"href":"https:\/\/ilmoliulampar.is\/en_gb\/wp-json\/wp\/v2\/product"}],"about":[{"href":"https:\/\/ilmoliulampar.is\/en_gb\/wp-json\/wp\/v2\/types\/product"}],"replies":[{"embeddable":true,"href":"https:\/\/ilmoliulampar.is\/en_gb\/wp-json\/wp\/v2\/comments?post=53394"}],"wp:featuredmedia":[{"embeddable":true,"href":"https:\/\/ilmoliulampar.is\/en_gb\/wp-json\/wp\/v2\/media\/45245"}],"wp:attachment":[{"href":"https:\/\/ilmoliulampar.is\/en_gb\/wp-json\/wp\/v2\/media?parent=53394"}],"wp:term":[{"taxonomy":"product_brand","embeddable":true,"href":"https:\/\/ilmoliulampar.is\/en_gb\/wp-json\/wp\/v2\/product_brand?post=53394"},{"taxonomy":"product_cat","embeddable":true,"href":"https:\/\/ilmoliulampar.is\/en_gb\/wp-json\/wp\/v2\/product_cat?post=53394"},{"taxonomy":"product_tag","embeddable":true,"href":"https:\/\/ilmoliulampar.is\/en_gb\/wp-json\/wp\/v2\/product_tag?post=53394"}],"curies":[{"name":"wp","href":"https:\/\/api.w.org\/{rel}","templated":true}]}}