{"id":53403,"date":"2022-11-28T16:01:10","date_gmt":"2022-11-28T16:01:10","guid":{"rendered":"https:\/\/new.ilmoliulampar.is\/product\/veggljos-baby-fj\/"},"modified":"2026-01-30T14:30:08","modified_gmt":"2026-01-30T14:30:08","slug":"veggljos-baby-fj","status":"publish","type":"product","link":"https:\/\/ilmoliulampar.is\/en_gb\/product\/veggljos-baby-fj\/","title":{"rendered":"Baby Gylltur Str\u00fatur &#8211; Vegglampi"},"content":{"rendered":"","protected":false},"excerpt":{"rendered":"<p>L\u00edtill &#8222;Baby&#8220; gylltur str\u00fatur<em>\u00a0<\/em><\/p>\n<div class=\"\" data-block=\"true\" data-editor=\"129a7\" data-offset-key=\"e7dum-0-0\">\n<div class=\"_1mf _1mj\" data-offset-key=\"e7dum-0-0\"><span data-offset-key=\"e7dum-0-0\">Ath, sn\u00faran sem fylgir er me\u00f0 innstungu, hann er ekki tengdur vi\u00f0 d\u00f3s \u00e1 veggnum,<\/span><\/div>\n<\/div>\n<div class=\"\" data-block=\"true\" data-editor=\"129a7\" data-offset-key=\"9s7hi-0-0\">\n<div class=\"_1mf _1mj\" data-offset-key=\"9s7hi-0-0\"><span data-offset-key=\"9s7hi-0-0\">\u00fev\u00ed h\u00e6gt a\u00f0 hengja hvar sem er! <\/span><\/div>\n<div data-offset-key=\"9s7hi-0-0\"><\/div>\n<div class=\"_1mf _1mj\" data-offset-key=\"9s7hi-0-0\"><span data-offset-key=\"9s7hi-0-0\">S\u00e9rlega smart a\u00f0 nota fallega skrautperu\u2026..<br \/>\nATH &#8211; E27 pera ( fylgir ekki me\u00f0 )\u00a0<\/span><\/div>\n<\/div>\n<div data-offset-key=\"9s7hi-0-0\">H\u00e6\u00f0 : 35 Cm<\/div>\n<div data-offset-key=\"9s7hi-0-0\">Breidd : 15 Cm<\/div>\n<p>&nbsp;<\/p>","protected":false},"featured_media":49574,"comment_status":"closed","ping_status":"closed","template":"","meta":[],"product_brand":[],"product_cat":[132,185],"product_tag":[],"class_list":{"0":"post-53403","1":"product","2":"type-product","3":"status-publish","4":"has-post-thumbnail","6":"product_cat-heimilid-2","7":"product_cat-vegglampar","9":"first","10":"instock","11":"shipping-taxable","12":"purchasable","13":"product-type-simple"},"_links":{"self":[{"href":"https:\/\/ilmoliulampar.is\/en_gb\/wp-json\/wp\/v2\/product\/53403","targetHints":{"allow":["GET"]}}],"collection":[{"href":"https:\/\/ilmoliulampar.is\/en_gb\/wp-json\/wp\/v2\/product"}],"about":[{"href":"https:\/\/ilmoliulampar.is\/en_gb\/wp-json\/wp\/v2\/types\/product"}],"replies":[{"embeddable":true,"href":"https:\/\/ilmoliulampar.is\/en_gb\/wp-json\/wp\/v2\/comments?post=53403"}],"wp:featuredmedia":[{"embeddable":true,"href":"https:\/\/ilmoliulampar.is\/en_gb\/wp-json\/wp\/v2\/media\/49574"}],"wp:attachment":[{"href":"https:\/\/ilmoliulampar.is\/en_gb\/wp-json\/wp\/v2\/media?parent=53403"}],"wp:term":[{"taxonomy":"product_brand","embeddable":true,"href":"https:\/\/ilmoliulampar.is\/en_gb\/wp-json\/wp\/v2\/product_brand?post=53403"},{"taxonomy":"product_cat","embeddable":true,"href":"https:\/\/ilmoliulampar.is\/en_gb\/wp-json\/wp\/v2\/product_cat?post=53403"},{"taxonomy":"product_tag","embeddable":true,"href":"https:\/\/ilmoliulampar.is\/en_gb\/wp-json\/wp\/v2\/product_tag?post=53403"}],"curies":[{"name":"wp","href":"https:\/\/api.w.org\/{rel}","templated":true}]}}