{"id":53404,"date":"2022-11-30T11:46:46","date_gmt":"2022-11-30T11:46:46","guid":{"rendered":"https:\/\/new.ilmoliulampar.is\/product\/glerkrukka-med-hreindyra-loki\/"},"modified":"2023-12-23T15:59:59","modified_gmt":"2023-12-23T15:59:59","slug":"glerkrukka-med-hreindyra-loki","status":"publish","type":"product","link":"https:\/\/ilmoliulampar.is\/en_gb\/product\/glerkrukka-med-hreindyra-loki\/","title":{"rendered":"Glerkrukka me\u00f0 hreind\u00fdra loki"},"content":{"rendered":"","protected":false},"excerpt":{"rendered":"<p>Gr\u00e1 gler krukka me\u00f0 gylltu hreind\u00fdri \u00e1 lokinu.<\/p>\n<p>H\u00e6\u00f0 : 13.5 Cm<\/p>\n<p>Breidd : 9 Cm<\/p>","protected":false},"featured_media":55140,"comment_status":"closed","ping_status":"closed","template":"","meta":[],"product_brand":[],"product_cat":[132,136],"product_tag":[],"class_list":{"0":"post-53404","1":"product","2":"type-product","3":"status-publish","4":"has-post-thumbnail","6":"product_cat-heimilid-2","7":"product_cat-jol","9":"first","10":"outofstock","11":"shipping-taxable","12":"purchasable","13":"product-type-simple"},"_links":{"self":[{"href":"https:\/\/ilmoliulampar.is\/en_gb\/wp-json\/wp\/v2\/product\/53404","targetHints":{"allow":["GET"]}}],"collection":[{"href":"https:\/\/ilmoliulampar.is\/en_gb\/wp-json\/wp\/v2\/product"}],"about":[{"href":"https:\/\/ilmoliulampar.is\/en_gb\/wp-json\/wp\/v2\/types\/product"}],"replies":[{"embeddable":true,"href":"https:\/\/ilmoliulampar.is\/en_gb\/wp-json\/wp\/v2\/comments?post=53404"}],"wp:featuredmedia":[{"embeddable":true,"href":"https:\/\/ilmoliulampar.is\/en_gb\/wp-json\/wp\/v2\/media\/55140"}],"wp:attachment":[{"href":"https:\/\/ilmoliulampar.is\/en_gb\/wp-json\/wp\/v2\/media?parent=53404"}],"wp:term":[{"taxonomy":"product_brand","embeddable":true,"href":"https:\/\/ilmoliulampar.is\/en_gb\/wp-json\/wp\/v2\/product_brand?post=53404"},{"taxonomy":"product_cat","embeddable":true,"href":"https:\/\/ilmoliulampar.is\/en_gb\/wp-json\/wp\/v2\/product_cat?post=53404"},{"taxonomy":"product_tag","embeddable":true,"href":"https:\/\/ilmoliulampar.is\/en_gb\/wp-json\/wp\/v2\/product_tag?post=53404"}],"curies":[{"name":"wp","href":"https:\/\/api.w.org\/{rel}","templated":true}]}}