{"id":53407,"date":"2022-11-30T12:12:21","date_gmt":"2022-11-30T12:12:21","guid":{"rendered":"https:\/\/new.ilmoliulampar.is\/product\/led-krans-3-staerdir\/"},"modified":"2024-11-13T13:23:21","modified_gmt":"2024-11-13T13:23:21","slug":"led-krans-3-staerdir","status":"publish","type":"product","link":"https:\/\/ilmoliulampar.is\/en_gb\/product\/led-krans-3-staerdir\/","title":{"rendered":"St\u00f3rgl\u00e6silegur LED Krans   &#8211;    3 st\u00e6r\u00f0ir   &#8211;    30 AFSL\u00c1TTUR"},"content":{"rendered":"","protected":false},"excerpt":{"rendered":"<p>\u00c6\u00f0islega vanda\u00f0ir LED kransar koma \u00ed 3 st\u00e6r\u00f0um &#8211; 40 cm &#8211; 60 cm &#8211; 70 cm. \u00dea\u00f0 er \u00f3tr\u00falega mikill munur \u00e1 st\u00e6r\u00f0inni \u00e1 \u00feeim (miklu meira en ma\u00f0ur heldur)<\/p>\n<p>&nbsp;<\/p>\n<p>\u00de\u00e9ttofnir me\u00f0 led lj\u00f3sum, dimmanlegir me\u00f0 timer og fjarst\u00fdringu.<\/p>\n<p>IP44 vatnsv\u00f6rn &#8211; Gefnir upp til a\u00f0 geta veri\u00f0 b\u00e6\u00f0i inni og \u00fati.<\/p>","protected":false},"featured_media":49614,"comment_status":"closed","ping_status":"closed","template":"","meta":[],"product_brand":[],"product_cat":[132,136,121],"product_tag":[],"class_list":{"0":"post-53407","1":"product","2":"type-product","3":"status-publish","4":"has-post-thumbnail","6":"product_cat-heimilid-2","7":"product_cat-jol","8":"product_cat-tilbod-adrar-vorur","10":"first","11":"instock","12":"sale","13":"shipping-taxable","14":"purchasable","15":"product-type-variable"},"_links":{"self":[{"href":"https:\/\/ilmoliulampar.is\/en_gb\/wp-json\/wp\/v2\/product\/53407","targetHints":{"allow":["GET"]}}],"collection":[{"href":"https:\/\/ilmoliulampar.is\/en_gb\/wp-json\/wp\/v2\/product"}],"about":[{"href":"https:\/\/ilmoliulampar.is\/en_gb\/wp-json\/wp\/v2\/types\/product"}],"replies":[{"embeddable":true,"href":"https:\/\/ilmoliulampar.is\/en_gb\/wp-json\/wp\/v2\/comments?post=53407"}],"wp:featuredmedia":[{"embeddable":true,"href":"https:\/\/ilmoliulampar.is\/en_gb\/wp-json\/wp\/v2\/media\/49614"}],"wp:attachment":[{"href":"https:\/\/ilmoliulampar.is\/en_gb\/wp-json\/wp\/v2\/media?parent=53407"}],"wp:term":[{"taxonomy":"product_brand","embeddable":true,"href":"https:\/\/ilmoliulampar.is\/en_gb\/wp-json\/wp\/v2\/product_brand?post=53407"},{"taxonomy":"product_cat","embeddable":true,"href":"https:\/\/ilmoliulampar.is\/en_gb\/wp-json\/wp\/v2\/product_cat?post=53407"},{"taxonomy":"product_tag","embeddable":true,"href":"https:\/\/ilmoliulampar.is\/en_gb\/wp-json\/wp\/v2\/product_tag?post=53407"}],"curies":[{"name":"wp","href":"https:\/\/api.w.org\/{rel}","templated":true}]}}