{"id":53411,"date":"2022-11-30T15:13:42","date_gmt":"2022-11-30T15:13:42","guid":{"rendered":"https:\/\/new.ilmoliulampar.is\/product\/bord-lampi-med-thremur-pafagaukum\/"},"modified":"2026-01-30T12:54:46","modified_gmt":"2026-01-30T12:54:46","slug":"bord-lampi-med-thremur-pafagaukum","status":"publish","type":"product","link":"https:\/\/ilmoliulampar.is\/en_gb\/product\/bord-lampi-med-thremur-pafagaukum\/","title":{"rendered":"Bor\u00f0lampi &#8211; \u00fer\u00edr p\u00e1fagaukar"},"content":{"rendered":"","protected":false},"excerpt":{"rendered":"<p>\u00c6\u00f0islegur svartur bor\u00f0lampi me\u00f0 gylltum p\u00e1fagaukum &amp; \u00a0sv\u00f6rtum skerm.<\/p>\n<p>H\u00e6\u00f0 : 79 Cm<\/p>\n<p>Breidd : 33 Cm<\/p>","protected":false},"featured_media":55092,"comment_status":"closed","ping_status":"closed","template":"","meta":[],"product_brand":[],"product_cat":[184,132],"product_tag":[],"class_list":{"0":"post-53411","1":"product","2":"type-product","3":"status-publish","4":"has-post-thumbnail","6":"product_cat-bordlampar","7":"product_cat-heimilid-2","9":"first","10":"instock","11":"shipping-taxable","12":"purchasable","13":"product-type-simple"},"_links":{"self":[{"href":"https:\/\/ilmoliulampar.is\/en_gb\/wp-json\/wp\/v2\/product\/53411","targetHints":{"allow":["GET"]}}],"collection":[{"href":"https:\/\/ilmoliulampar.is\/en_gb\/wp-json\/wp\/v2\/product"}],"about":[{"href":"https:\/\/ilmoliulampar.is\/en_gb\/wp-json\/wp\/v2\/types\/product"}],"replies":[{"embeddable":true,"href":"https:\/\/ilmoliulampar.is\/en_gb\/wp-json\/wp\/v2\/comments?post=53411"}],"wp:featuredmedia":[{"embeddable":true,"href":"https:\/\/ilmoliulampar.is\/en_gb\/wp-json\/wp\/v2\/media\/55092"}],"wp:attachment":[{"href":"https:\/\/ilmoliulampar.is\/en_gb\/wp-json\/wp\/v2\/media?parent=53411"}],"wp:term":[{"taxonomy":"product_brand","embeddable":true,"href":"https:\/\/ilmoliulampar.is\/en_gb\/wp-json\/wp\/v2\/product_brand?post=53411"},{"taxonomy":"product_cat","embeddable":true,"href":"https:\/\/ilmoliulampar.is\/en_gb\/wp-json\/wp\/v2\/product_cat?post=53411"},{"taxonomy":"product_tag","embeddable":true,"href":"https:\/\/ilmoliulampar.is\/en_gb\/wp-json\/wp\/v2\/product_tag?post=53411"}],"curies":[{"name":"wp","href":"https:\/\/api.w.org\/{rel}","templated":true}]}}