{"id":53412,"date":"2022-11-30T15:27:15","date_gmt":"2022-11-30T15:27:15","guid":{"rendered":"https:\/\/new.ilmoliulampar.is\/product\/kanina-i-felum-golflampi-115-cm\/"},"modified":"2024-12-03T15:03:55","modified_gmt":"2024-12-03T15:03:55","slug":"kanina-i-felum-golflampi-115-cm","status":"publish","type":"product","link":"https:\/\/ilmoliulampar.is\/en_gb\/product\/kanina-i-felum-golflampi-115-cm\/","title":{"rendered":"Kan\u00edna \u00ed felum &#8211; G\u00f3lflampi  115 CM"},"content":{"rendered":"","protected":false},"excerpt":{"rendered":"<p>St\u00f3r Kan\u00edna \u00ed felum.<\/p>\n<p>Gylltur G\u00f3lflampi me\u00f0 sv\u00f6rtum skerm.<\/p>\n<p>H\u00e6\u00f0 : 115 Cm<\/p>\n<p>Breidd : 38.5 Cm<\/p>\n<p>Ath E27 pera ( Fylgir ekki me\u00f0 )<\/p>","protected":false},"featured_media":62061,"comment_status":"closed","ping_status":"closed","template":"","meta":[],"product_brand":[],"product_cat":[183,132],"product_tag":[],"class_list":{"0":"post-53412","1":"product","2":"type-product","3":"status-publish","4":"has-post-thumbnail","6":"product_cat-golflampar","7":"product_cat-heimilid-2","9":"first","10":"instock","11":"shipping-taxable","12":"purchasable","13":"product-type-simple"},"_links":{"self":[{"href":"https:\/\/ilmoliulampar.is\/en_gb\/wp-json\/wp\/v2\/product\/53412","targetHints":{"allow":["GET"]}}],"collection":[{"href":"https:\/\/ilmoliulampar.is\/en_gb\/wp-json\/wp\/v2\/product"}],"about":[{"href":"https:\/\/ilmoliulampar.is\/en_gb\/wp-json\/wp\/v2\/types\/product"}],"replies":[{"embeddable":true,"href":"https:\/\/ilmoliulampar.is\/en_gb\/wp-json\/wp\/v2\/comments?post=53412"}],"wp:featuredmedia":[{"embeddable":true,"href":"https:\/\/ilmoliulampar.is\/en_gb\/wp-json\/wp\/v2\/media\/62061"}],"wp:attachment":[{"href":"https:\/\/ilmoliulampar.is\/en_gb\/wp-json\/wp\/v2\/media?parent=53412"}],"wp:term":[{"taxonomy":"product_brand","embeddable":true,"href":"https:\/\/ilmoliulampar.is\/en_gb\/wp-json\/wp\/v2\/product_brand?post=53412"},{"taxonomy":"product_cat","embeddable":true,"href":"https:\/\/ilmoliulampar.is\/en_gb\/wp-json\/wp\/v2\/product_cat?post=53412"},{"taxonomy":"product_tag","embeddable":true,"href":"https:\/\/ilmoliulampar.is\/en_gb\/wp-json\/wp\/v2\/product_tag?post=53412"}],"curies":[{"name":"wp","href":"https:\/\/api.w.org\/{rel}","templated":true}]}}