{"id":53414,"date":"2022-12-01T15:53:40","date_gmt":"2022-12-01T15:53:40","guid":{"rendered":"https:\/\/new.ilmoliulampar.is\/product\/oceania-ilmoliulampi\/"},"modified":"2026-01-30T14:10:42","modified_gmt":"2026-01-30T14:10:42","slug":"oceania-ilmoliulampi","status":"publish","type":"product","link":"https:\/\/ilmoliulampar.is\/en_gb\/product\/oceania-ilmoliulampi\/","title":{"rendered":"OCEANIA &#8211; ilmol\u00edulampi"},"content":{"rendered":"","protected":false},"excerpt":{"rendered":"<p>Oceania er \u00f3tr\u00falega fallegur ilmol\u00edulampi \u00far n\u00e1tt\u00farulegu keramik me\u00f0 fallegri og mj\u00fakri l\u00fdsingu.<\/p>\n<p>Oceania er fr\u00e1b\u00e6r ilmgjafi sem dreyfir \u00fe\u00ednum upp\u00e1halds ilmi um heimili \u00feitt. Me\u00f0 \u00fev\u00ed a\u00f0 setja \u00ed hann vatn og nokkra dropa af ilmol\u00edu e\u00f0a ilmkjarnaol\u00edu og \u00fdta \u00e1 takka \u00fe\u00e1 dreyfir hann \u00e1n \u00feess \u00fe\u00f3 a\u00f0 hita, f\u00ednum \u00fa\u00f0a og ilmandi gufu \u00fat \u00ed andr\u00famslofti\u00f0 sem \u00f6rvar skynf\u00e6rin og gerir \u00fe\u00e9r kleift a\u00f0 s\u00f6kkva inn \u00ed afslappa\u00f0an heim heilunar og jafnv\u00e6gis. \u00deetta er talin vera besta lei\u00f0in til \u00feess dreifa ilmi \u00ed andr\u00famslofti\u00f0, \u00fear sem ilmol\u00edulamparnir hita EKKI ol\u00edurnar og ver\u00f0a \u00fe\u00e6r \u00fev\u00ed ekki fyrir neinum skemmdum.<\/p>\n<p>Ef \u00fe\u00fa notar \u00fa\u00f0ann \u00e1n ol\u00edu og ilms, getur\u00f0u samt sem \u00e1\u00f0ur noti\u00f0 rakans af \u00fa\u00f0anum en hann er tilvalinn til a\u00f0 vinna m\u00f3t \u00feurrki sem skapast af n\u00fat\u00edma upphitun.<\/p>\n<p>slekkur \u00e1 s\u00e9r sj\u00e1lfur \u00feegar vatni\u00f0 fer ni\u00f0ur fyrir \u00e1kve\u00f0in m\u00f6rk, sem \u00fe\u00fd\u00f0ir a\u00f0 hann er fullkomlega \u00f6ruggur og tilvalinn til notkunar innan um b\u00f6rn og h\u00fasd\u00fdr.<\/p>\n<p>N\u00e6turstilling gerir \u00fe\u00e9r kleift a\u00f0 sl\u00f6kkva \u00e1 lj\u00f3sinu og \u00feannig er Oceania hinn fullkomni f\u00e9lagi \u00e1 n\u00f3ttunni.<\/p>\n<p>Rakat\u00e6ki \u2013 j\u00f3nat\u00e6ki \u2013 hreinsun \u00e1 lofti \u2013 ilmgjafi ef vill og l\u00edti\u00f0 fallegt lj\u00f3s.<\/p>\n<p>Oceania gengur \u00ed sirka 5 klukkut\u00edma og er me\u00f0 100ml vatnstank.<\/p>\n<p>St\u00e6r\u00f0: 20,5 x 11cm<\/p>\n<p>12W<\/p>\n<p>&nbsp;<\/p>","protected":false},"featured_media":62913,"comment_status":"closed","ping_status":"closed","template":"","meta":[],"product_brand":[],"product_cat":[182,267,107],"product_tag":[],"class_list":{"0":"post-53414","1":"product","2":"type-product","3":"status-publish","4":"has-post-thumbnail","6":"product_cat-ilmoliulampar","7":"product_cat-konudagurinn","8":"product_cat-lampar","10":"first","11":"instock","12":"shipping-taxable","13":"purchasable","14":"product-type-simple"},"_links":{"self":[{"href":"https:\/\/ilmoliulampar.is\/en_gb\/wp-json\/wp\/v2\/product\/53414","targetHints":{"allow":["GET"]}}],"collection":[{"href":"https:\/\/ilmoliulampar.is\/en_gb\/wp-json\/wp\/v2\/product"}],"about":[{"href":"https:\/\/ilmoliulampar.is\/en_gb\/wp-json\/wp\/v2\/types\/product"}],"replies":[{"embeddable":true,"href":"https:\/\/ilmoliulampar.is\/en_gb\/wp-json\/wp\/v2\/comments?post=53414"}],"wp:featuredmedia":[{"embeddable":true,"href":"https:\/\/ilmoliulampar.is\/en_gb\/wp-json\/wp\/v2\/media\/62913"}],"wp:attachment":[{"href":"https:\/\/ilmoliulampar.is\/en_gb\/wp-json\/wp\/v2\/media?parent=53414"}],"wp:term":[{"taxonomy":"product_brand","embeddable":true,"href":"https:\/\/ilmoliulampar.is\/en_gb\/wp-json\/wp\/v2\/product_brand?post=53414"},{"taxonomy":"product_cat","embeddable":true,"href":"https:\/\/ilmoliulampar.is\/en_gb\/wp-json\/wp\/v2\/product_cat?post=53414"},{"taxonomy":"product_tag","embeddable":true,"href":"https:\/\/ilmoliulampar.is\/en_gb\/wp-json\/wp\/v2\/product_tag?post=53414"}],"curies":[{"name":"wp","href":"https:\/\/api.w.org\/{rel}","templated":true}]}}