{"id":53433,"date":"2023-01-05T14:15:11","date_gmt":"2023-01-05T14:15:11","guid":{"rendered":"https:\/\/new.ilmoliulampar.is\/product\/veremundo-home-ilmstangir-camomila-lavender\/"},"modified":"2025-10-14T17:47:30","modified_gmt":"2025-10-14T17:47:30","slug":"veremundo-home-ilmstangir-camomila-lavender","status":"publish","type":"product","link":"https:\/\/ilmoliulampar.is\/en_gb\/product\/veremundo-home-ilmstangir-camomila-lavender\/","title":{"rendered":"Veremundo Home Ilmstangir Camomila &#038; Lavender"},"content":{"rendered":"","protected":false},"excerpt":{"rendered":"<p><strong>Veremundo Home Camomila &amp; Lavender Ilmstangir.<\/strong><\/p>\n<p>D\u00e1samlegur og ferskur ilmur af kamillu &amp; lavender.<\/p>\n<p>Ilmstangirnar eru einstaklega fallegar og smart \u00e1 bor\u00f0i.<br \/>\n\u00deetta er mj\u00f6g vanda\u00f0ur ilmur, fl\u00f6skurnar fallegar og<br \/>\nekki skemma umb\u00fa\u00f0irnar fyrir til a\u00f0 gera \u00feetta a\u00f0 einstaklega<br \/>\nflottri gj\u00f6f.<\/p>\n<p>Handger\u00f0 &#8222;organic&#8220; ilm l\u00edna kemur \u00ed \u00a0250ml<\/p>\n<p>&nbsp;<\/p>","protected":false},"featured_media":65320,"comment_status":"closed","ping_status":"closed","template":"","meta":[],"product_brand":[],"product_cat":[200,108],"product_tag":[],"class_list":{"0":"post-53433","1":"product","2":"type-product","3":"status-publish","4":"has-post-thumbnail","6":"product_cat-ilmstangir-oliur","7":"product_cat-oliur","9":"first","10":"instock","11":"shipping-taxable","12":"purchasable","13":"product-type-simple"},"_links":{"self":[{"href":"https:\/\/ilmoliulampar.is\/en_gb\/wp-json\/wp\/v2\/product\/53433","targetHints":{"allow":["GET"]}}],"collection":[{"href":"https:\/\/ilmoliulampar.is\/en_gb\/wp-json\/wp\/v2\/product"}],"about":[{"href":"https:\/\/ilmoliulampar.is\/en_gb\/wp-json\/wp\/v2\/types\/product"}],"replies":[{"embeddable":true,"href":"https:\/\/ilmoliulampar.is\/en_gb\/wp-json\/wp\/v2\/comments?post=53433"}],"wp:featuredmedia":[{"embeddable":true,"href":"https:\/\/ilmoliulampar.is\/en_gb\/wp-json\/wp\/v2\/media\/65320"}],"wp:attachment":[{"href":"https:\/\/ilmoliulampar.is\/en_gb\/wp-json\/wp\/v2\/media?parent=53433"}],"wp:term":[{"taxonomy":"product_brand","embeddable":true,"href":"https:\/\/ilmoliulampar.is\/en_gb\/wp-json\/wp\/v2\/product_brand?post=53433"},{"taxonomy":"product_cat","embeddable":true,"href":"https:\/\/ilmoliulampar.is\/en_gb\/wp-json\/wp\/v2\/product_cat?post=53433"},{"taxonomy":"product_tag","embeddable":true,"href":"https:\/\/ilmoliulampar.is\/en_gb\/wp-json\/wp\/v2\/product_tag?post=53433"}],"curies":[{"name":"wp","href":"https:\/\/api.w.org\/{rel}","templated":true}]}}