{"id":53436,"date":"2023-01-05T14:36:07","date_gmt":"2023-01-05T14:36:07","guid":{"rendered":"https:\/\/new.ilmoliulampar.is\/product\/veremundo-home-ilmstangir-wild-berries\/"},"modified":"2024-06-27T14:12:59","modified_gmt":"2024-06-27T14:12:59","slug":"veremundo-home-ilmstangir-wild-berries","status":"publish","type":"product","link":"https:\/\/ilmoliulampar.is\/en_gb\/product\/veremundo-home-ilmstangir-wild-berries\/","title":{"rendered":"Veremundo Home Ilmstangir Wild Berries"},"content":{"rendered":"","protected":false},"excerpt":{"rendered":"<p><strong>Veremundo Home Wild Berries Ilmstangir.<\/strong><\/p>\n<p>D\u00e1samlegur og ferskur berja-ilmur.<\/p>\n<p>Ilmstangirnar eru einstaklega fallegar og smart \u00e1 bor\u00f0i.<br \/>\n\u00deetta er mj\u00f6g vanda\u00f0ur ilmur, fl\u00f6skurnar fallegar og<br \/>\nekki skemma umb\u00fa\u00f0irnar fyrir til a\u00f0 gera \u00feetta a\u00f0 einstaklega<br \/>\nflottri gj\u00f6f.<\/p>\n<p>Handger\u00f0 \u201eorganic\u201c ilm l\u00edna kemur \u00ed tveimur st\u00e6r\u00f0um 250ml og 500ml.<\/p>","protected":false},"featured_media":49762,"comment_status":"closed","ping_status":"open","template":"","meta":[],"product_brand":[],"product_cat":[200,108],"product_tag":[],"class_list":{"0":"post-53436","1":"product","2":"type-product","3":"status-publish","4":"has-post-thumbnail","6":"product_cat-ilmstangir-oliur","7":"product_cat-oliur","9":"first","10":"instock","11":"shipping-taxable","12":"purchasable","13":"product-type-variable"},"_links":{"self":[{"href":"https:\/\/ilmoliulampar.is\/en_gb\/wp-json\/wp\/v2\/product\/53436","targetHints":{"allow":["GET"]}}],"collection":[{"href":"https:\/\/ilmoliulampar.is\/en_gb\/wp-json\/wp\/v2\/product"}],"about":[{"href":"https:\/\/ilmoliulampar.is\/en_gb\/wp-json\/wp\/v2\/types\/product"}],"replies":[{"embeddable":true,"href":"https:\/\/ilmoliulampar.is\/en_gb\/wp-json\/wp\/v2\/comments?post=53436"}],"wp:featuredmedia":[{"embeddable":true,"href":"https:\/\/ilmoliulampar.is\/en_gb\/wp-json\/wp\/v2\/media\/49762"}],"wp:attachment":[{"href":"https:\/\/ilmoliulampar.is\/en_gb\/wp-json\/wp\/v2\/media?parent=53436"}],"wp:term":[{"taxonomy":"product_brand","embeddable":true,"href":"https:\/\/ilmoliulampar.is\/en_gb\/wp-json\/wp\/v2\/product_brand?post=53436"},{"taxonomy":"product_cat","embeddable":true,"href":"https:\/\/ilmoliulampar.is\/en_gb\/wp-json\/wp\/v2\/product_cat?post=53436"},{"taxonomy":"product_tag","embeddable":true,"href":"https:\/\/ilmoliulampar.is\/en_gb\/wp-json\/wp\/v2\/product_tag?post=53436"}],"curies":[{"name":"wp","href":"https:\/\/api.w.org\/{rel}","templated":true}]}}