{"id":53449,"date":"2023-01-07T11:54:46","date_gmt":"2023-01-07T11:54:46","guid":{"rendered":"https:\/\/new.ilmoliulampar.is\/product\/easter-island-stytta-2-staerdir-50-afslattur\/"},"modified":"2025-11-03T13:41:06","modified_gmt":"2025-11-03T13:41:06","slug":"easter-island-stytta-2-staerdir-50-afslattur","status":"publish","type":"product","link":"https:\/\/ilmoliulampar.is\/en_gb\/product\/easter-island-stytta-2-staerdir-50-afslattur\/","title":{"rendered":"EASTER ISLAND Stytta 2 St\u00e6r\u00f0ir 50 % AFSL\u00c1TTUR"},"content":{"rendered":"","protected":false},"excerpt":{"rendered":"<p>\u00d3tr\u00falega flottar og vanda\u00f0ar Easter Island Styttur<\/p>\n<p>Koma \u00ed 2 St\u00e6r\u00f0um:<\/p>\n<p>Minni 55 Cm \u00e1 h\u00e6\u00f0<\/p>\n<p>St\u00e6rri 62 Cm \u00e1 h\u00e6\u00f0<\/p>","protected":false},"featured_media":49797,"comment_status":"closed","ping_status":"closed","template":"","meta":[],"product_brand":[],"product_cat":[132,230,116,121],"product_tag":[],"class_list":{"0":"post-53449","1":"product","2":"type-product","3":"status-publish","4":"has-post-thumbnail","6":"product_cat-heimilid-2","7":"product_cat-laekkadverd","8":"product_cat-tilbod","9":"product_cat-tilbod-adrar-vorur","11":"first","12":"instock","13":"sale","14":"shipping-taxable","15":"purchasable","16":"product-type-variable"},"_links":{"self":[{"href":"https:\/\/ilmoliulampar.is\/en_gb\/wp-json\/wp\/v2\/product\/53449","targetHints":{"allow":["GET"]}}],"collection":[{"href":"https:\/\/ilmoliulampar.is\/en_gb\/wp-json\/wp\/v2\/product"}],"about":[{"href":"https:\/\/ilmoliulampar.is\/en_gb\/wp-json\/wp\/v2\/types\/product"}],"replies":[{"embeddable":true,"href":"https:\/\/ilmoliulampar.is\/en_gb\/wp-json\/wp\/v2\/comments?post=53449"}],"wp:featuredmedia":[{"embeddable":true,"href":"https:\/\/ilmoliulampar.is\/en_gb\/wp-json\/wp\/v2\/media\/49797"}],"wp:attachment":[{"href":"https:\/\/ilmoliulampar.is\/en_gb\/wp-json\/wp\/v2\/media?parent=53449"}],"wp:term":[{"taxonomy":"product_brand","embeddable":true,"href":"https:\/\/ilmoliulampar.is\/en_gb\/wp-json\/wp\/v2\/product_brand?post=53449"},{"taxonomy":"product_cat","embeddable":true,"href":"https:\/\/ilmoliulampar.is\/en_gb\/wp-json\/wp\/v2\/product_cat?post=53449"},{"taxonomy":"product_tag","embeddable":true,"href":"https:\/\/ilmoliulampar.is\/en_gb\/wp-json\/wp\/v2\/product_tag?post=53449"}],"curies":[{"name":"wp","href":"https:\/\/api.w.org\/{rel}","templated":true}]}}