{"id":53455,"date":"2023-01-09T11:59:49","date_gmt":"2023-01-09T11:59:49","guid":{"rendered":"https:\/\/new.ilmoliulampar.is\/product\/veggfodur-hlebardamunstur\/"},"modified":"2023-03-28T12:07:34","modified_gmt":"2023-03-28T12:07:34","slug":"veggfodur-hlebardamunstur","status":"publish","type":"product","link":"https:\/\/ilmoliulampar.is\/en_gb\/product\/veggfodur-hlebardamunstur\/","title":{"rendered":"Veggf\u00f3\u00f0ur &#8211; Hl\u00e9bar\u00f0amunstur"},"content":{"rendered":"","protected":false},"excerpt":{"rendered":"<p>\u00d3tr\u00falega smart og \u00f6\u00f0ruv\u00edsi veggf\u00f3\u00f0ur.<\/p>\n<p>Hl\u00e9bar\u00f0amunstur.<\/p>\n<p>R\u00fallubreidd : 53 Cm<\/p>\n<p>R\u00fallulengd 1005 cm ( 10.05 metrar )<\/p>","protected":false},"featured_media":49832,"comment_status":"closed","ping_status":"closed","template":"","meta":[],"product_brand":[],"product_cat":[132],"product_tag":[],"class_list":{"0":"post-53455","1":"product","2":"type-product","3":"status-publish","4":"has-post-thumbnail","6":"product_cat-heimilid-2","8":"first","9":"instock","10":"shipping-taxable","11":"purchasable","12":"product-type-simple"},"_links":{"self":[{"href":"https:\/\/ilmoliulampar.is\/en_gb\/wp-json\/wp\/v2\/product\/53455","targetHints":{"allow":["GET"]}}],"collection":[{"href":"https:\/\/ilmoliulampar.is\/en_gb\/wp-json\/wp\/v2\/product"}],"about":[{"href":"https:\/\/ilmoliulampar.is\/en_gb\/wp-json\/wp\/v2\/types\/product"}],"replies":[{"embeddable":true,"href":"https:\/\/ilmoliulampar.is\/en_gb\/wp-json\/wp\/v2\/comments?post=53455"}],"wp:featuredmedia":[{"embeddable":true,"href":"https:\/\/ilmoliulampar.is\/en_gb\/wp-json\/wp\/v2\/media\/49832"}],"wp:attachment":[{"href":"https:\/\/ilmoliulampar.is\/en_gb\/wp-json\/wp\/v2\/media?parent=53455"}],"wp:term":[{"taxonomy":"product_brand","embeddable":true,"href":"https:\/\/ilmoliulampar.is\/en_gb\/wp-json\/wp\/v2\/product_brand?post=53455"},{"taxonomy":"product_cat","embeddable":true,"href":"https:\/\/ilmoliulampar.is\/en_gb\/wp-json\/wp\/v2\/product_cat?post=53455"},{"taxonomy":"product_tag","embeddable":true,"href":"https:\/\/ilmoliulampar.is\/en_gb\/wp-json\/wp\/v2\/product_tag?post=53455"}],"curies":[{"name":"wp","href":"https:\/\/api.w.org\/{rel}","templated":true}]}}