{"id":53466,"date":"2023-01-11T13:51:42","date_gmt":"2023-01-11T13:51:42","guid":{"rendered":"https:\/\/new.ilmoliulampar.is\/product\/stor-gylltur-orangutan-20-afslattur\/"},"modified":"2025-11-10T17:13:08","modified_gmt":"2025-11-10T17:13:08","slug":"stor-gylltur-orangutan-20-afslattur","status":"publish","type":"product","link":"https:\/\/ilmoliulampar.is\/en_gb\/product\/stor-gylltur-orangutan-20-afslattur\/","title":{"rendered":"ST\u00d3R Gylltur \u00d3rang\u00fatan"},"content":{"rendered":"","protected":false},"excerpt":{"rendered":"<p>St\u00f3r og veglegur gylltur \u00d3rang\u00fatan<\/p>\n<p>H\u00e6\u00f0 53 Cm<\/p>\n<p>Breidd 71 Cm<\/p>\n<p>D\u00fdpt 43.5 Cm<\/p>\n<p>13 Kg<\/p>\n<p>&nbsp;<\/p>","protected":false},"featured_media":55218,"comment_status":"closed","ping_status":"closed","template":"","meta":[],"product_brand":[],"product_cat":[132,230,251],"product_tag":[],"class_list":{"0":"post-53466","1":"product","2":"type-product","3":"status-publish","4":"has-post-thumbnail","6":"product_cat-heimilid-2","7":"product_cat-laekkadverd","8":"product_cat-stytturogskulpturar","10":"first","11":"instock","12":"sale","13":"shipping-taxable","14":"purchasable","15":"product-type-simple"},"_links":{"self":[{"href":"https:\/\/ilmoliulampar.is\/en_gb\/wp-json\/wp\/v2\/product\/53466","targetHints":{"allow":["GET"]}}],"collection":[{"href":"https:\/\/ilmoliulampar.is\/en_gb\/wp-json\/wp\/v2\/product"}],"about":[{"href":"https:\/\/ilmoliulampar.is\/en_gb\/wp-json\/wp\/v2\/types\/product"}],"replies":[{"embeddable":true,"href":"https:\/\/ilmoliulampar.is\/en_gb\/wp-json\/wp\/v2\/comments?post=53466"}],"wp:featuredmedia":[{"embeddable":true,"href":"https:\/\/ilmoliulampar.is\/en_gb\/wp-json\/wp\/v2\/media\/55218"}],"wp:attachment":[{"href":"https:\/\/ilmoliulampar.is\/en_gb\/wp-json\/wp\/v2\/media?parent=53466"}],"wp:term":[{"taxonomy":"product_brand","embeddable":true,"href":"https:\/\/ilmoliulampar.is\/en_gb\/wp-json\/wp\/v2\/product_brand?post=53466"},{"taxonomy":"product_cat","embeddable":true,"href":"https:\/\/ilmoliulampar.is\/en_gb\/wp-json\/wp\/v2\/product_cat?post=53466"},{"taxonomy":"product_tag","embeddable":true,"href":"https:\/\/ilmoliulampar.is\/en_gb\/wp-json\/wp\/v2\/product_tag?post=53466"}],"curies":[{"name":"wp","href":"https:\/\/api.w.org\/{rel}","templated":true}]}}