{"id":53467,"date":"2023-01-11T15:55:27","date_gmt":"2023-01-11T15:55:27","guid":{"rendered":"https:\/\/new.ilmoliulampar.is\/product\/veremundo-home-camomila-lavender-afylling-250-ml\/"},"modified":"2026-02-12T14:58:47","modified_gmt":"2026-02-12T14:58:47","slug":"veremundo-home-camomila-lavender-afylling-250-ml","status":"publish","type":"product","link":"https:\/\/ilmoliulampar.is\/en_gb\/product\/veremundo-home-camomila-lavender-afylling-250-ml\/","title":{"rendered":"Veremundo Home | \u00c1fylling \u00ed ilmstangir &#8211; 250 ml"},"content":{"rendered":"","protected":false},"excerpt":{"rendered":"<p>\u00c1fylling \u00ed Veremundo Home ilmstangirnar.<\/p>\n<p>Handger\u00f0 \u201eorganic\u201c ilm l\u00edna, 250ml<\/p>\n<p>6 mismunandi ilmir:<\/p>\n<ul>\n<li>Camomila &amp; Lavender<\/li>\n<li>Wild Berries<\/li>\n<li>Orange &amp; Cinnamon<\/li>\n<li>Vanilla &amp; Ceylan Cinnamon<\/li>\n<li>Aloe Vera<\/li>\n<li>Cotton Dreams<\/li>\n<\/ul>","protected":false},"featured_media":54865,"comment_status":"closed","ping_status":"closed","template":"","meta":[],"product_brand":[],"product_cat":[200],"product_tag":[],"class_list":{"0":"post-53467","1":"product","2":"type-product","3":"status-publish","4":"has-post-thumbnail","6":"product_cat-ilmstangir-oliur","8":"first","9":"instock","10":"shipping-taxable","11":"purchasable","12":"product-type-variable"},"_links":{"self":[{"href":"https:\/\/ilmoliulampar.is\/en_gb\/wp-json\/wp\/v2\/product\/53467","targetHints":{"allow":["GET"]}}],"collection":[{"href":"https:\/\/ilmoliulampar.is\/en_gb\/wp-json\/wp\/v2\/product"}],"about":[{"href":"https:\/\/ilmoliulampar.is\/en_gb\/wp-json\/wp\/v2\/types\/product"}],"replies":[{"embeddable":true,"href":"https:\/\/ilmoliulampar.is\/en_gb\/wp-json\/wp\/v2\/comments?post=53467"}],"wp:featuredmedia":[{"embeddable":true,"href":"https:\/\/ilmoliulampar.is\/en_gb\/wp-json\/wp\/v2\/media\/54865"}],"wp:attachment":[{"href":"https:\/\/ilmoliulampar.is\/en_gb\/wp-json\/wp\/v2\/media?parent=53467"}],"wp:term":[{"taxonomy":"product_brand","embeddable":true,"href":"https:\/\/ilmoliulampar.is\/en_gb\/wp-json\/wp\/v2\/product_brand?post=53467"},{"taxonomy":"product_cat","embeddable":true,"href":"https:\/\/ilmoliulampar.is\/en_gb\/wp-json\/wp\/v2\/product_cat?post=53467"},{"taxonomy":"product_tag","embeddable":true,"href":"https:\/\/ilmoliulampar.is\/en_gb\/wp-json\/wp\/v2\/product_tag?post=53467"}],"curies":[{"name":"wp","href":"https:\/\/api.w.org\/{rel}","templated":true}]}}