{"id":53468,"date":"2023-01-12T14:07:32","date_gmt":"2023-01-12T14:07:32","guid":{"rendered":"https:\/\/new.ilmoliulampar.is\/product\/bord-2-staerdir\/"},"modified":"2024-02-01T15:10:25","modified_gmt":"2024-02-01T15:10:25","slug":"bord-2-staerdir","status":"publish","type":"product","link":"https:\/\/ilmoliulampar.is\/en_gb\/product\/bord-2-staerdir\/","title":{"rendered":"Bor\u00f0 2 St\u00e6r\u00f0ir"},"content":{"rendered":"","protected":false},"excerpt":{"rendered":"<p>T\u00f6ff og \u00f6\u00f0ruv\u00edsi bor\u00f0 \u00far j\u00e1rni.<\/p>\n<p>koma \u00ed 2 st\u00e6r\u00f0um &amp; 2 litum.<\/p>\n<p>H\u00e6rra bor\u00f0i\u00f0 ( Rau\u00f0a )<\/p>\n<p>h\u00e6\u00f0 63 Cm<\/p>\n<p>Breidd 40 Cm<\/p>\n<p>L\u00e6gra bor\u00f0i\u00f0 ( Gr\u00e6na )<\/p>\n<p>H\u00e6\u00f0 54 Cm<\/p>\n<p>Breidd 50Cm<\/p>","protected":false},"featured_media":49943,"comment_status":"closed","ping_status":"closed","template":"","meta":[],"product_brand":[],"product_cat":[132],"product_tag":[],"class_list":{"0":"post-53468","1":"product","2":"type-product","3":"status-publish","4":"has-post-thumbnail","6":"product_cat-heimilid-2","8":"first","9":"instock","10":"shipping-taxable","11":"purchasable","12":"product-type-variable"},"_links":{"self":[{"href":"https:\/\/ilmoliulampar.is\/en_gb\/wp-json\/wp\/v2\/product\/53468","targetHints":{"allow":["GET"]}}],"collection":[{"href":"https:\/\/ilmoliulampar.is\/en_gb\/wp-json\/wp\/v2\/product"}],"about":[{"href":"https:\/\/ilmoliulampar.is\/en_gb\/wp-json\/wp\/v2\/types\/product"}],"replies":[{"embeddable":true,"href":"https:\/\/ilmoliulampar.is\/en_gb\/wp-json\/wp\/v2\/comments?post=53468"}],"wp:featuredmedia":[{"embeddable":true,"href":"https:\/\/ilmoliulampar.is\/en_gb\/wp-json\/wp\/v2\/media\/49943"}],"wp:attachment":[{"href":"https:\/\/ilmoliulampar.is\/en_gb\/wp-json\/wp\/v2\/media?parent=53468"}],"wp:term":[{"taxonomy":"product_brand","embeddable":true,"href":"https:\/\/ilmoliulampar.is\/en_gb\/wp-json\/wp\/v2\/product_brand?post=53468"},{"taxonomy":"product_cat","embeddable":true,"href":"https:\/\/ilmoliulampar.is\/en_gb\/wp-json\/wp\/v2\/product_cat?post=53468"},{"taxonomy":"product_tag","embeddable":true,"href":"https:\/\/ilmoliulampar.is\/en_gb\/wp-json\/wp\/v2\/product_tag?post=53468"}],"curies":[{"name":"wp","href":"https:\/\/api.w.org\/{rel}","templated":true}]}}