{"id":53486,"date":"2025-11-11T12:45:07","date_gmt":"2025-11-11T12:45:07","guid":{"rendered":"https:\/\/new.ilmoliulampar.is\/product\/bordlampi-marmari-hvitur-2\/"},"modified":"2026-01-31T13:21:25","modified_gmt":"2026-01-31T13:21:25","slug":"bordlampi-marmari-hvitur-2","status":"publish","type":"product","link":"https:\/\/ilmoliulampar.is\/en_gb\/product\/bordlampi-marmari-hvitur-2\/","title":{"rendered":"BOR\u00d0LAMPI \u2013 MARMARI, HV\u00cdTUR"},"content":{"rendered":"","protected":false},"excerpt":{"rendered":"<p>Vanda\u00f0ur bor\u00f0lampi\/base, \u00e1n peru.<\/p>\n<p>Hv\u00edtur marmari me\u00f0 gyllingu ne\u00f0st.<\/p>\n<p>Lengd \u00e1 sn\u00faru: 1.5M<\/p>\n<p>Ath! Ekki me\u00f0 dimmanlegum kveikjara\/sl\u00f6kkvara<\/p>\n<p>&nbsp;<\/p>","protected":false},"featured_media":50025,"comment_status":"closed","ping_status":"closed","template":"","meta":[],"product_brand":[],"product_cat":[150],"product_tag":[],"class_list":{"0":"post-53486","1":"product","2":"type-product","3":"status-publish","4":"has-post-thumbnail","6":"product_cat-skilabod-i-peru-og-lampar","8":"first","9":"instock","10":"shipping-taxable","11":"purchasable","12":"product-type-simple"},"_links":{"self":[{"href":"https:\/\/ilmoliulampar.is\/en_gb\/wp-json\/wp\/v2\/product\/53486","targetHints":{"allow":["GET"]}}],"collection":[{"href":"https:\/\/ilmoliulampar.is\/en_gb\/wp-json\/wp\/v2\/product"}],"about":[{"href":"https:\/\/ilmoliulampar.is\/en_gb\/wp-json\/wp\/v2\/types\/product"}],"replies":[{"embeddable":true,"href":"https:\/\/ilmoliulampar.is\/en_gb\/wp-json\/wp\/v2\/comments?post=53486"}],"wp:featuredmedia":[{"embeddable":true,"href":"https:\/\/ilmoliulampar.is\/en_gb\/wp-json\/wp\/v2\/media\/50025"}],"wp:attachment":[{"href":"https:\/\/ilmoliulampar.is\/en_gb\/wp-json\/wp\/v2\/media?parent=53486"}],"wp:term":[{"taxonomy":"product_brand","embeddable":true,"href":"https:\/\/ilmoliulampar.is\/en_gb\/wp-json\/wp\/v2\/product_brand?post=53486"},{"taxonomy":"product_cat","embeddable":true,"href":"https:\/\/ilmoliulampar.is\/en_gb\/wp-json\/wp\/v2\/product_cat?post=53486"},{"taxonomy":"product_tag","embeddable":true,"href":"https:\/\/ilmoliulampar.is\/en_gb\/wp-json\/wp\/v2\/product_tag?post=53486"}],"curies":[{"name":"wp","href":"https:\/\/api.w.org\/{rel}","templated":true}]}}