{"id":53515,"date":"2023-02-11T11:47:35","date_gmt":"2023-02-11T11:47:35","guid":{"rendered":"https:\/\/new.ilmoliulampar.is\/product\/stor-veggklukka-med-ljosi-120-x-120-cm\/"},"modified":"2025-08-22T11:33:34","modified_gmt":"2025-08-22T11:33:34","slug":"stor-veggklukka-med-ljosi-120-x-120-cm","status":"publish","type":"product","link":"https:\/\/ilmoliulampar.is\/en_gb\/product\/stor-veggklukka-med-ljosi-120-x-120-cm\/","title":{"rendered":"ST\u00d3R Veggklukka me\u00f0 lj\u00f3si 120 x 120 CM"},"content":{"rendered":"","protected":false},"excerpt":{"rendered":"<p>\u00d3tr\u00falega falleg og vegleg klukka me\u00f0 lj\u00f3si .<\/p>\n<p>St\u00e6r\u00f0:<\/p>\n<p>H\u00e6\u00f0 : 120 Cm<\/p>\n<p>Breidd : 120 Cm<\/p>\n<p>D\u00fdpt : 13.5 Cm<\/p>\n<p>30 Kg<\/p>","protected":false},"featured_media":64543,"comment_status":"closed","ping_status":"closed","template":"","meta":[],"product_brand":[],"product_cat":[132,275],"product_tag":[],"class_list":{"0":"post-53515","1":"product","2":"type-product","3":"status-publish","4":"has-post-thumbnail","6":"product_cat-heimilid-2","7":"product_cat-klukkur","9":"first","10":"instock","11":"shipping-taxable","12":"purchasable","13":"product-type-simple"},"_links":{"self":[{"href":"https:\/\/ilmoliulampar.is\/en_gb\/wp-json\/wp\/v2\/product\/53515","targetHints":{"allow":["GET"]}}],"collection":[{"href":"https:\/\/ilmoliulampar.is\/en_gb\/wp-json\/wp\/v2\/product"}],"about":[{"href":"https:\/\/ilmoliulampar.is\/en_gb\/wp-json\/wp\/v2\/types\/product"}],"replies":[{"embeddable":true,"href":"https:\/\/ilmoliulampar.is\/en_gb\/wp-json\/wp\/v2\/comments?post=53515"}],"wp:featuredmedia":[{"embeddable":true,"href":"https:\/\/ilmoliulampar.is\/en_gb\/wp-json\/wp\/v2\/media\/64543"}],"wp:attachment":[{"href":"https:\/\/ilmoliulampar.is\/en_gb\/wp-json\/wp\/v2\/media?parent=53515"}],"wp:term":[{"taxonomy":"product_brand","embeddable":true,"href":"https:\/\/ilmoliulampar.is\/en_gb\/wp-json\/wp\/v2\/product_brand?post=53515"},{"taxonomy":"product_cat","embeddable":true,"href":"https:\/\/ilmoliulampar.is\/en_gb\/wp-json\/wp\/v2\/product_cat?post=53515"},{"taxonomy":"product_tag","embeddable":true,"href":"https:\/\/ilmoliulampar.is\/en_gb\/wp-json\/wp\/v2\/product_tag?post=53515"}],"curies":[{"name":"wp","href":"https:\/\/api.w.org\/{rel}","templated":true}]}}