{"id":53519,"date":"2023-02-13T14:36:06","date_gmt":"2023-02-13T14:36:06","guid":{"rendered":"https:\/\/new.ilmoliulampar.is\/product\/miss-etoile-kerti-4-typur-50-afslattur\/"},"modified":"2025-10-29T13:43:02","modified_gmt":"2025-10-29T13:43:02","slug":"miss-etoile-kerti-4-typur-50-afslattur","status":"publish","type":"product","link":"https:\/\/ilmoliulampar.is\/en_gb\/product\/miss-etoile-kerti-4-typur-50-afslattur\/","title":{"rendered":"Miss Etoile kerti &#8211; 4 t\u00fdpur 50% AFSL\u00c1TTUR"},"content":{"rendered":"","protected":false},"excerpt":{"rendered":"<p>\u00c6\u00f0islega falleg kerti .<\/p>\n<p>Koma 2 saman \u00ed pakka.<\/p>\n<p>Bleiku 24 Cm<\/p>\n<p>Gr\u00e6nu 24 Cm<\/p>\n<p>Bleik, Gr\u00e6n &amp; Fj\u00f3lubl\u00e1 20 Cm<\/p>\n<p>Bleik &amp; gr\u00e6n 20 Cm<\/p>","protected":false},"featured_media":51809,"comment_status":"closed","ping_status":"closed","template":"","meta":[],"product_brand":[],"product_cat":[178],"product_tag":[],"class_list":{"0":"post-53519","1":"product","2":"type-product","3":"status-publish","4":"has-post-thumbnail","6":"product_cat-skemmtileg-odruvisi-kerti","8":"first","9":"outofstock","10":"shipping-taxable","11":"purchasable","12":"product-type-variable"},"_links":{"self":[{"href":"https:\/\/ilmoliulampar.is\/en_gb\/wp-json\/wp\/v2\/product\/53519","targetHints":{"allow":["GET"]}}],"collection":[{"href":"https:\/\/ilmoliulampar.is\/en_gb\/wp-json\/wp\/v2\/product"}],"about":[{"href":"https:\/\/ilmoliulampar.is\/en_gb\/wp-json\/wp\/v2\/types\/product"}],"replies":[{"embeddable":true,"href":"https:\/\/ilmoliulampar.is\/en_gb\/wp-json\/wp\/v2\/comments?post=53519"}],"wp:featuredmedia":[{"embeddable":true,"href":"https:\/\/ilmoliulampar.is\/en_gb\/wp-json\/wp\/v2\/media\/51809"}],"wp:attachment":[{"href":"https:\/\/ilmoliulampar.is\/en_gb\/wp-json\/wp\/v2\/media?parent=53519"}],"wp:term":[{"taxonomy":"product_brand","embeddable":true,"href":"https:\/\/ilmoliulampar.is\/en_gb\/wp-json\/wp\/v2\/product_brand?post=53519"},{"taxonomy":"product_cat","embeddable":true,"href":"https:\/\/ilmoliulampar.is\/en_gb\/wp-json\/wp\/v2\/product_cat?post=53519"},{"taxonomy":"product_tag","embeddable":true,"href":"https:\/\/ilmoliulampar.is\/en_gb\/wp-json\/wp\/v2\/product_tag?post=53519"}],"curies":[{"name":"wp","href":"https:\/\/api.w.org\/{rel}","templated":true}]}}