{"id":53525,"date":"2023-02-16T16:22:49","date_gmt":"2023-02-16T16:22:49","guid":{"rendered":"https:\/\/new.ilmoliulampar.is\/product\/dripping-gold-liquid-luxe-tan-medium\/"},"modified":"2026-04-09T02:28:05","modified_gmt":"2026-04-09T02:28:05","slug":"dripping-gold-liquid-luxe-tan-medium","status":"publish","type":"product","link":"https:\/\/ilmoliulampar.is\/en_gb\/product\/dripping-gold-liquid-luxe-tan-medium\/","title":{"rendered":"Dripping Gold &#8211; Liquid Luxe Tan | 3 Litir"},"content":{"rendered":"","protected":false},"excerpt":{"rendered":"<p>Gl\u00e6n\u00fd form\u00fala af Liquid Luxe!<\/p>\n<p>Br\u00fankuv\u00f6kvinn blandast eins og draumur \u00e1 h\u00fa\u00f0inni\u00a0og gefur fallega &#8216;Airbrushed&#8217; \u00e1fer\u00f0. Br\u00fankan er flj\u00f3t a\u00f0 \u00feorna og hefur litla sem enga lykt! Svo h\u00fan er tilvalin \u00feegar ekki gefst t\u00edmi til a\u00f0 skola hana af, svok\u00f6llu\u00f0 \u201eReady to wear\u201c br\u00fanka.<\/p>\n<p><em>Liturinn full\u00fer\u00f3ast eftir 4-6 klst.<\/em><\/p>\n<ul>\n<li><i>N\u00fd Form\u00fala<\/i><\/li>\n<li><i>Airbrushed \u00e1fer\u00f0<\/i><\/li>\n<li><i>\u00d3tr\u00falega au\u00f0velt og \u00fe\u00e6ginlegt a\u00f0 bera \u00e1 h\u00fa\u00f0ina<\/i><\/li>\n<li><i>Mj\u00f6g n\u00e6randi og rakagefandi<\/i><\/li>\n<li><i>\u00deornar flj\u00f3tt, kl\u00edstrast ekki<\/i><\/li>\n<li><i>Fr\u00e1b\u00e6r innihaldsefni fyrir h\u00fa\u00f0ina<\/i><\/li>\n<li><i>L\u00e9tt form\u00fala<\/i><\/li>\n<li><i>Endist vel og lengi<\/i><\/li>\n<li><i>Ready-to-wear<\/i><\/li>\n<\/ul>\n<p>Algj\u00f6r bylting fyrir sanna a\u00f0d\u00e1endur br\u00fanku \u2013 Liquid Luxe kemur \u00ed \u00feremur dj\u00fapum, bronsu\u00f0um litbrig\u00f0um.<br data-start=\"349\" data-end=\"352\" \/>\u00deetta er silkimj\u00fak og l\u00faxuskennd flj\u00f3tandi form\u00fala sem rennur eins og draumur yfir h\u00fa\u00f0ina og skilar\u00a0br\u00fanku \u00e1 n\u00e6sta stigi!<\/p>\n<p>L\u00edkt og br\u00fankufro\u00f0an og br\u00fankukremin \u00fe\u00e1 inniheldur Liquid Luxe mikinn raka og n\u00e6randi innihaldsefni fyrir h\u00fa\u00f0ina. Liturinn endist vel og dofnar jafnt og n\u00e1tt\u00farulega.<\/p>\n<p>Vegan &amp;\u00a0Cruelty Free<\/p>\n<p>150ML<\/p>","protected":false},"featured_media":67361,"comment_status":"closed","ping_status":"closed","template":"","meta":[],"product_brand":[],"product_cat":[219,191],"product_tag":[],"class_list":{"0":"post-53525","1":"product","2":"type-product","3":"status-publish","4":"has-post-thumbnail","6":"product_cat-dripping-gold-2","7":"product_cat-hud-og-snyrtivorur","9":"first","10":"instock","11":"shipping-taxable","12":"purchasable","13":"product-type-variable"},"_links":{"self":[{"href":"https:\/\/ilmoliulampar.is\/en_gb\/wp-json\/wp\/v2\/product\/53525","targetHints":{"allow":["GET"]}}],"collection":[{"href":"https:\/\/ilmoliulampar.is\/en_gb\/wp-json\/wp\/v2\/product"}],"about":[{"href":"https:\/\/ilmoliulampar.is\/en_gb\/wp-json\/wp\/v2\/types\/product"}],"replies":[{"embeddable":true,"href":"https:\/\/ilmoliulampar.is\/en_gb\/wp-json\/wp\/v2\/comments?post=53525"}],"wp:featuredmedia":[{"embeddable":true,"href":"https:\/\/ilmoliulampar.is\/en_gb\/wp-json\/wp\/v2\/media\/67361"}],"wp:attachment":[{"href":"https:\/\/ilmoliulampar.is\/en_gb\/wp-json\/wp\/v2\/media?parent=53525"}],"wp:term":[{"taxonomy":"product_brand","embeddable":true,"href":"https:\/\/ilmoliulampar.is\/en_gb\/wp-json\/wp\/v2\/product_brand?post=53525"},{"taxonomy":"product_cat","embeddable":true,"href":"https:\/\/ilmoliulampar.is\/en_gb\/wp-json\/wp\/v2\/product_cat?post=53525"},{"taxonomy":"product_tag","embeddable":true,"href":"https:\/\/ilmoliulampar.is\/en_gb\/wp-json\/wp\/v2\/product_tag?post=53525"}],"curies":[{"name":"wp","href":"https:\/\/api.w.org\/{rel}","templated":true}]}}