{"id":53528,"date":"2023-02-16T17:29:52","date_gmt":"2023-02-16T17:29:52","guid":{"rendered":"https:\/\/new.ilmoliulampar.is\/product\/marc-inbane-hyaluronic-brunkusprey\/"},"modified":"2026-02-03T16:17:21","modified_gmt":"2026-02-03T16:17:21","slug":"marc-inbane-hyaluronic-brunkusprey","status":"publish","type":"product","link":"https:\/\/ilmoliulampar.is\/en_gb\/product\/marc-inbane-hyaluronic-brunkusprey\/","title":{"rendered":"Marc Inbane &#8211; Hyaluronic Br\u00fankusprey"},"content":{"rendered":"","protected":false},"excerpt":{"rendered":"<p>H\u00fdal\u00farons\u00fdru br\u00fankusprey &#8211; fyrsta br\u00fankuspreyi\u00f0 sem inniheldur \u00feri\u00f0ju kynsl\u00f3\u00f0ar h\u00fdal\u00farons\u00fdru sem hj\u00e1lpar h\u00fa\u00f0frumum \u00fe\u00ednum a\u00f0 drekka \u00ed sig og vi\u00f0halda raka, vi\u00f0heldur \u00fe\u00e9ttleika og teygjanleika og stu\u00f0lar a\u00f0 heilbrig\u00f0i h\u00fa\u00f0ar.<\/p>\n<p>H\u00fdal\u00farons\u00fdru spreyi\u00f0 er rakagefandi og m\u00fdkjandi og gefur fallegan lj\u00f3ma.<\/p>\n<p>H\u00fdal\u00farons\u00fdru br\u00fankuspreyi\u00f0 \u00f6rvar kollagen framlei\u00f0slu h\u00fa\u00f0ar sem gerir hana fr\u00edsklega og sl\u00e9ttari.<\/p>\n<p>N\u00e6randi og mj\u00fak form\u00fala \u00e1n alkoh\u00f3ls sem inniheldur Arlasolve\u2122 sem gerir \u00fea\u00f0 a\u00f0 verkum a\u00f0 spreyi\u00f0 dreifist vel, \u00feornar hratt og a\u00f0lagast fallega a\u00f0 \u00fe\u00ednum n\u00e1tt\u00farulega h\u00fa\u00f0lit.<\/p>\n<p>Einn br\u00fasi dugir \u00ed allt a\u00f0 30 skipti \u00e1 andlit og allt a\u00f0 5 skipti \u00e1 allan l\u00edkamann. Falleg br\u00fanka \u00e1 innan vi\u00f0 m\u00edn\u00fatu sem endist \u00ed allt a\u00f0 9 daga.<\/p>\n<p>Hentar \u00f6llum h\u00fa\u00f0ger\u00f0um og passar \u00ed handfarangur! H\u00fdal\u00farons\u00fdru spreyi\u00f0 gerir h\u00fa\u00f0ina ekki appels\u00ednugula. Ilmurinn er s\u00e6tur me\u00f0 bl\u00f3ma- og amber n\u00f3tum.<\/p>\n<ul>\n<li>\u00c1n parabena og s\u00edl\u00edkona.<\/li>\n<li>Pr\u00f3fa\u00f0 af h\u00fa\u00f0l\u00e6knum.<\/li>\n<li>Vegan og n\u00e1tt\u00faruleg innihaldsefni.<\/li>\n<li>Eco-friendly br\u00fasinn er a\u00f0 fullu endurvinnanlegur.<\/li>\n<\/ul>\n<p><strong>\u00a0 \u00a0 \u00a0 Notkun:<\/strong><\/p>\n<ul>\n<li>Spreyi\u00f0 ca. 30cm fr\u00e1 h\u00fa\u00f0<\/li>\n<li>Noti\u00f0 stuttar, hra\u00f0ar hreyfingar &#8211; ekki h\u00e6gar, s-laga hreyfingar<\/li>\n<li>\u00deornar \u00e1 10-15 m\u00edn\u00fatum<\/li>\n<li>H\u00e6gt a\u00f0 nota h\u00e1rbl\u00e1sara til a\u00f0 hra\u00f0a \u00feornun<\/li>\n<\/ul>\n<p>Eftir 3 klukkut\u00edma er spreyi\u00f0 a\u00f0 fullu \u00feorna\u00f0 og h\u00e6gt a\u00f0 \u00e6fa, fara \u00ed sturtu, etc.<\/p>\n<p><strong>Gott r\u00e1\u00f0<\/strong><\/p>\n<p>Vi\u00f0 m\u00e6lum eindregi\u00f0 me\u00f0 \u00fev\u00ed a\u00f0 nota MARC INBANE \u00f6rtrefjahanskann e\u00f0a \u00fear til ger\u00f0a br\u00fankuhanska til a\u00f0 bera\u00a0MARC INBANE br\u00fankuspreyi\u00f0 \u00e1 l\u00edkamann.<\/p>\n<p>\u00de\u00fa getur au\u00f0veldlega bori\u00f0 \u00e1 \u00feig sj\u00e1lf\/ur og n\u00e1\u00f0 l\u00fdtalausri br\u00fanku. \u00d6rtrefjarnar \u00ed efninu hj\u00e1lpa til vi\u00f0 a\u00f0 dreifa br\u00fankunni og gerir \u00fe\u00e9r kleift a\u00f0 bera \u00e1 sta\u00f0i sem erfitt er a\u00f0 n\u00e1 til svo sem aftan \u00e1 leggjum og handleggjum en einnig hentar hann vel til a\u00f0 bera br\u00fanku \u00e1 andlit, h\u00e1ls og bringu. Hanskinn dregur br\u00fankuna ekki \u00ed sig heldur dreifir henni jafnt. MARC INBANE hanskann m\u00e1 \u00fevo \u00e1 \u00ed \u00fevottav\u00e9l \u00e1 30\u00b0C.<\/p>\n<p><strong>MARC INBANE<\/strong>\u00a0er h\u00e1g\u00e6\u00f0a hollenskt snyrtiv\u00f6rumerki sem framlei\u00f0ir l\u00faxus h\u00fa\u00f0v\u00f6rur me\u00f0 \u00e1herslu \u00e1 br\u00fankuv\u00f6rur og eru \u00feau frumkv\u00f6\u00f0lar \u00e1 s\u00ednu svi\u00f0i.<\/p>\n<p>Hrein innihaldsefni, faglegt handverk, f\u00e1gu\u00f0 \u00fatlitsh\u00f6nnun og fagmennska \u00ed \u00f6llu framlei\u00f0sluferlinu setur MARC INBANE \u00ed lei\u00f0andi st\u00f6\u00f0u \u00ed framlei\u00f0slu \u00e1 h\u00e1g\u00e6\u00f0a snyrtiv\u00f6rum.<\/p>\n<p>St\u00f6\u00f0ugur vilji okkar hj\u00e1 MARC INBANE til a\u00f0 betrumb\u00e6ta og \u00fer\u00f3a afur\u00f0ir okkar gerir okkur kleift a\u00f0 vera \u00ed fremstu l\u00ednu vi\u00f0 a\u00f0 kynna n\u00fdjustu framfarir \u00ed heimi br\u00fankunnar. Vegna \u00feessa hafa v\u00f6rur okkar unni\u00f0 til ver\u00f0launa um allan heim.<\/p>\n<p>&nbsp;<\/p>\n<p>100ML<\/p>\n<p>&nbsp;<\/p>","protected":false},"featured_media":51839,"comment_status":"closed","ping_status":"closed","template":"","meta":[],"product_brand":[],"product_cat":[191,148],"product_tag":[],"class_list":{"0":"post-53528","1":"product","2":"type-product","3":"status-publish","4":"has-post-thumbnail","6":"product_cat-hud-og-snyrtivorur","7":"product_cat-marc-inbane","9":"first","10":"outofstock","11":"sale","12":"shipping-taxable","13":"purchasable","14":"product-type-simple"},"_links":{"self":[{"href":"https:\/\/ilmoliulampar.is\/en_gb\/wp-json\/wp\/v2\/product\/53528","targetHints":{"allow":["GET"]}}],"collection":[{"href":"https:\/\/ilmoliulampar.is\/en_gb\/wp-json\/wp\/v2\/product"}],"about":[{"href":"https:\/\/ilmoliulampar.is\/en_gb\/wp-json\/wp\/v2\/types\/product"}],"replies":[{"embeddable":true,"href":"https:\/\/ilmoliulampar.is\/en_gb\/wp-json\/wp\/v2\/comments?post=53528"}],"wp:featuredmedia":[{"embeddable":true,"href":"https:\/\/ilmoliulampar.is\/en_gb\/wp-json\/wp\/v2\/media\/51839"}],"wp:attachment":[{"href":"https:\/\/ilmoliulampar.is\/en_gb\/wp-json\/wp\/v2\/media?parent=53528"}],"wp:term":[{"taxonomy":"product_brand","embeddable":true,"href":"https:\/\/ilmoliulampar.is\/en_gb\/wp-json\/wp\/v2\/product_brand?post=53528"},{"taxonomy":"product_cat","embeddable":true,"href":"https:\/\/ilmoliulampar.is\/en_gb\/wp-json\/wp\/v2\/product_cat?post=53528"},{"taxonomy":"product_tag","embeddable":true,"href":"https:\/\/ilmoliulampar.is\/en_gb\/wp-json\/wp\/v2\/product_tag?post=53528"}],"curies":[{"name":"wp","href":"https:\/\/api.w.org\/{rel}","templated":true}]}}