{"id":53532,"date":"2023-02-20T12:56:07","date_gmt":"2023-02-20T12:56:07","guid":{"rendered":"https:\/\/new.ilmoliulampar.is\/product\/grar-marmara-bakki\/"},"modified":"2024-12-03T13:40:29","modified_gmt":"2024-12-03T13:40:29","slug":"grar-marmara-bakki","status":"publish","type":"product","link":"https:\/\/ilmoliulampar.is\/en_gb\/product\/grar-marmara-bakki\/","title":{"rendered":"Gr\u00e1r marmara bakki"},"content":{"rendered":"","protected":false},"excerpt":{"rendered":"<p>Gr\u00e1r Marmarabakki fr\u00e1 Bahne.<\/p>\n<p>Lengd : 28 Cm<\/p>\n<p>Breidd : 15 Cm<\/p>\n<p>\u00deykkt : 2 Cm<\/p>","protected":false},"featured_media":51846,"comment_status":"closed","ping_status":"closed","template":"","meta":[],"product_brand":[],"product_cat":[248,132],"product_tag":[],"class_list":{"0":"post-53532","1":"product","2":"type-product","3":"status-publish","4":"has-post-thumbnail","6":"product_cat-bakkarogglasamottur","7":"product_cat-heimilid-2","9":"first","10":"instock","11":"shipping-taxable","12":"purchasable","13":"product-type-simple"},"_links":{"self":[{"href":"https:\/\/ilmoliulampar.is\/en_gb\/wp-json\/wp\/v2\/product\/53532","targetHints":{"allow":["GET"]}}],"collection":[{"href":"https:\/\/ilmoliulampar.is\/en_gb\/wp-json\/wp\/v2\/product"}],"about":[{"href":"https:\/\/ilmoliulampar.is\/en_gb\/wp-json\/wp\/v2\/types\/product"}],"replies":[{"embeddable":true,"href":"https:\/\/ilmoliulampar.is\/en_gb\/wp-json\/wp\/v2\/comments?post=53532"}],"wp:featuredmedia":[{"embeddable":true,"href":"https:\/\/ilmoliulampar.is\/en_gb\/wp-json\/wp\/v2\/media\/51846"}],"wp:attachment":[{"href":"https:\/\/ilmoliulampar.is\/en_gb\/wp-json\/wp\/v2\/media?parent=53532"}],"wp:term":[{"taxonomy":"product_brand","embeddable":true,"href":"https:\/\/ilmoliulampar.is\/en_gb\/wp-json\/wp\/v2\/product_brand?post=53532"},{"taxonomy":"product_cat","embeddable":true,"href":"https:\/\/ilmoliulampar.is\/en_gb\/wp-json\/wp\/v2\/product_cat?post=53532"},{"taxonomy":"product_tag","embeddable":true,"href":"https:\/\/ilmoliulampar.is\/en_gb\/wp-json\/wp\/v2\/product_tag?post=53532"}],"curies":[{"name":"wp","href":"https:\/\/api.w.org\/{rel}","templated":true}]}}