{"id":53534,"date":"2023-02-20T13:46:16","date_gmt":"2023-02-20T13:46:16","guid":{"rendered":"https:\/\/new.ilmoliulampar.is\/product\/kertastjakar-3-saman\/"},"modified":"2024-12-03T13:28:47","modified_gmt":"2024-12-03T13:28:47","slug":"kertastjakar-3-saman","status":"publish","type":"product","link":"https:\/\/ilmoliulampar.is\/en_gb\/product\/kertastjakar-3-saman\/","title":{"rendered":"Kertastjakar 3 saman"},"content":{"rendered":"","protected":false},"excerpt":{"rendered":"<p>Fallegir kertastjakar .<\/p>\n<p>koma 3 saman \u00ed pakka<\/p>\n<p>L\u00edtill : 16,5 x 12 Cm<\/p>\n<p>Mi\u00f0st\u00e6r\u00f0 : 20,5 \u00a012 Cm<\/p>\n<p>St\u00f3r : 25,5 x 12 Cm<\/p>","protected":false},"featured_media":51851,"comment_status":"closed","ping_status":"closed","template":"","meta":[],"product_brand":[],"product_cat":[132,246],"product_tag":[],"class_list":{"0":"post-53534","1":"product","2":"type-product","3":"status-publish","4":"has-post-thumbnail","6":"product_cat-heimilid-2","7":"product_cat-kertastjakar","9":"first","10":"instock","11":"shipping-taxable","12":"purchasable","13":"product-type-simple"},"_links":{"self":[{"href":"https:\/\/ilmoliulampar.is\/en_gb\/wp-json\/wp\/v2\/product\/53534","targetHints":{"allow":["GET"]}}],"collection":[{"href":"https:\/\/ilmoliulampar.is\/en_gb\/wp-json\/wp\/v2\/product"}],"about":[{"href":"https:\/\/ilmoliulampar.is\/en_gb\/wp-json\/wp\/v2\/types\/product"}],"replies":[{"embeddable":true,"href":"https:\/\/ilmoliulampar.is\/en_gb\/wp-json\/wp\/v2\/comments?post=53534"}],"wp:featuredmedia":[{"embeddable":true,"href":"https:\/\/ilmoliulampar.is\/en_gb\/wp-json\/wp\/v2\/media\/51851"}],"wp:attachment":[{"href":"https:\/\/ilmoliulampar.is\/en_gb\/wp-json\/wp\/v2\/media?parent=53534"}],"wp:term":[{"taxonomy":"product_brand","embeddable":true,"href":"https:\/\/ilmoliulampar.is\/en_gb\/wp-json\/wp\/v2\/product_brand?post=53534"},{"taxonomy":"product_cat","embeddable":true,"href":"https:\/\/ilmoliulampar.is\/en_gb\/wp-json\/wp\/v2\/product_cat?post=53534"},{"taxonomy":"product_tag","embeddable":true,"href":"https:\/\/ilmoliulampar.is\/en_gb\/wp-json\/wp\/v2\/product_tag?post=53534"}],"curies":[{"name":"wp","href":"https:\/\/api.w.org\/{rel}","templated":true}]}}