{"id":53555,"date":"2023-02-25T15:03:22","date_gmt":"2023-02-25T15:03:22","guid":{"rendered":"https:\/\/new.ilmoliulampar.is\/product\/stor-vegglukka\/"},"modified":"2025-09-15T16:25:26","modified_gmt":"2025-09-15T16:25:26","slug":"stor-vegglukka","status":"publish","type":"product","link":"https:\/\/ilmoliulampar.is\/en_gb\/product\/stor-vegglukka\/","title":{"rendered":"St\u00f3r Vegglukka"},"content":{"rendered":"","protected":false},"excerpt":{"rendered":"<p>\u00d3tr\u00falega flott og v\u00f6ndu\u00f0 veggklukka.<\/p>\n<p>Gyllt &amp; sv\u00f6rt.<\/p>\n<p>Klukkuverki\u00f0 hreyfist.<br \/>\nKemur \u00ed 2 st\u00e6r\u00f0um<br \/>\nMinni klukkan<br \/>\nSt\u00e6r\u00f0 52,5 x 52,5 Cm<br \/>\nD\u00fdpt 8,7 Cm<br \/>\n<span style=\"font-family: var(--rz-font-family-primary);\">2 Kg<br \/>\nSt\u00e6rri klukkan 80 x 80 cm<br \/>\nD\u00fdpt 9 cm<br \/>\n\u00deyngd 9 kg\u00a0<\/span><\/p>\n<p>&nbsp;<\/p>","protected":false},"featured_media":64867,"comment_status":"closed","ping_status":"closed","template":"","meta":[],"product_brand":[],"product_cat":[132,275],"product_tag":[],"class_list":{"0":"post-53555","1":"product","2":"type-product","3":"status-publish","4":"has-post-thumbnail","6":"product_cat-heimilid-2","7":"product_cat-klukkur","9":"first","10":"instock","11":"shipping-taxable","12":"purchasable","13":"product-type-variable"},"_links":{"self":[{"href":"https:\/\/ilmoliulampar.is\/en_gb\/wp-json\/wp\/v2\/product\/53555","targetHints":{"allow":["GET"]}}],"collection":[{"href":"https:\/\/ilmoliulampar.is\/en_gb\/wp-json\/wp\/v2\/product"}],"about":[{"href":"https:\/\/ilmoliulampar.is\/en_gb\/wp-json\/wp\/v2\/types\/product"}],"replies":[{"embeddable":true,"href":"https:\/\/ilmoliulampar.is\/en_gb\/wp-json\/wp\/v2\/comments?post=53555"}],"wp:featuredmedia":[{"embeddable":true,"href":"https:\/\/ilmoliulampar.is\/en_gb\/wp-json\/wp\/v2\/media\/64867"}],"wp:attachment":[{"href":"https:\/\/ilmoliulampar.is\/en_gb\/wp-json\/wp\/v2\/media?parent=53555"}],"wp:term":[{"taxonomy":"product_brand","embeddable":true,"href":"https:\/\/ilmoliulampar.is\/en_gb\/wp-json\/wp\/v2\/product_brand?post=53555"},{"taxonomy":"product_cat","embeddable":true,"href":"https:\/\/ilmoliulampar.is\/en_gb\/wp-json\/wp\/v2\/product_cat?post=53555"},{"taxonomy":"product_tag","embeddable":true,"href":"https:\/\/ilmoliulampar.is\/en_gb\/wp-json\/wp\/v2\/product_tag?post=53555"}],"curies":[{"name":"wp","href":"https:\/\/api.w.org\/{rel}","templated":true}]}}