{"id":53567,"date":"2023-03-02T13:51:47","date_gmt":"2023-03-02T13:51:47","guid":{"rendered":"https:\/\/new.ilmoliulampar.is\/product\/5-stjornu-hudmedferd-15-afslattur\/"},"modified":"2026-01-31T15:56:40","modified_gmt":"2026-01-31T15:56:40","slug":"5-stjornu-hudmedferd-15-afslattur","status":"publish","type":"product","link":"https:\/\/ilmoliulampar.is\/en_gb\/product\/5-stjornu-hudmedferd-15-afslattur\/","title":{"rendered":"Eco by Sonya &#8211; 5 stj\u00f6rnu h\u00fa\u00f0me\u00f0fer\u00f0"},"content":{"rendered":"","protected":false},"excerpt":{"rendered":"<p>Glory ol\u00eda &#8211; Himalayan salt scrub &#8211; coconut body milk<\/p>\n<p>Pink Himalayan Salt Scrub er fullkomin fyrir \u00fe\u00e6r sem vilja extra mj\u00faka og fallega h\u00fa\u00f0. Blanda af lemongrass, k\u00f3kosol\u00edu og macadamia ol\u00edu n\u00e6rir og hreinsar h\u00fa\u00f0ina.Vinnur \u00e1 appels\u00ednuh\u00fa\u00f0, h\u00fa\u00f0sliti, \u00feurri h\u00fa\u00f0 og er h\u00e6gt a\u00f0 nota b\u00e6\u00f0i \u00e1 l\u00edkama og andlit.<\/p>\n<p>Fyrir besta virkni, beri\u00f0 \u00e1 h\u00fa\u00f0ina og nuddi\u00f0 vel fyrir sturtu e\u00f0a ba\u00f0.<\/p>\n<p>Himalayan Salt Scrub virkar einnig vel til a\u00f0 hreinsa br\u00fanku e\u00f0a til a\u00f0 undirb\u00faa h\u00fa\u00f0ina \u00e1\u00f0ur en Invisible Tan er nota\u00f0.<\/p>\n<p>V\u00f6ndu\u00f0 vara fr\u00e1 Eco By Sonya \u2013 Coconut Body Milk<\/p>\n<p>N\u00e6rir h\u00fa\u00f0ina \u00e1 einstakan h\u00e1tt og hefur sanna\u00f0 sig sem g\u00f3\u00f0a lausn vi\u00f0 h\u00fa\u00f0vandam\u00e1lum\u00a0s.s. \u00feurrk, exemi o.fl.<\/p>\n<p>M\u00fdkir og gefur g\u00f3\u00f0an raka. 100% n\u00e1tt\u00faruleg og l\u00edfr\u00e6n vara sem \u00f6ll fj\u00f6lskyldan getur nota\u00f0.<\/p>\n<p>Hj\u00e1lpar a\u00f0 vi\u00f0halda br\u00fanku.<\/p>\n<p>100% n\u00e1tt\u00farleg | 100% l\u00edfr\u00e6n | 100% vegan<\/p>\n<p>Glory Ol\u00edan fr\u00e1 Eco By Sonya er s\u00e9rh\u00f6nnu\u00f0 til \u00feess a\u00f0 minnka sj\u00e1anleika \u00f6ra og f\u00ednna l\u00edna.<\/p>\n<p>Helstu innihaldsefni ol\u00edunnar koma \u00far bl\u00f6ndu Incha Inchi, Acai og ol\u00edu \u00far graskerafr\u00e6jum. \u00deessi blanda er st\u00fatfull af andoxunarefnum, omega 3 &amp; 6 og v\u00edtam\u00ednum eins og E v\u00edtam\u00edn sem hj\u00e1lpa h\u00fa\u00f0inni a\u00f0 halda s\u00ednum n\u00e1tt\u00farulega og unglegu \u00fatliti.<\/p>\n<p>Ol\u00edan er gr\u00ed\u00f0arlega rakagefandi \u00e1n \u00feess a\u00f0 skilja h\u00fa\u00f0ina eftir ol\u00edukennda og feita. H\u00fan r\u00f3ar h\u00fa\u00f0ina og hentar \u00f6llum h\u00fa\u00f0t\u00fdpum. M\u00e6lt er me\u00f0 \u00fev\u00ed a\u00f0 nota hana kv\u00f6lds og morgna \u00ed sta\u00f0inn fyrir e\u00f0a \u00e1\u00f0ur en rakakrem er nota\u00f0.<\/p>\n<p>&nbsp;<\/p>","protected":false},"featured_media":57632,"comment_status":"closed","ping_status":"closed","template":"","meta":[],"product_brand":[],"product_cat":[129,191],"product_tag":[],"class_list":{"0":"post-53567","1":"product","2":"type-product","3":"status-publish","4":"has-post-thumbnail","6":"product_cat-eco-by-sonya","7":"product_cat-hud-og-snyrtivorur","9":"first","10":"instock","11":"shipping-taxable","12":"purchasable","13":"product-type-simple"},"_links":{"self":[{"href":"https:\/\/ilmoliulampar.is\/en_gb\/wp-json\/wp\/v2\/product\/53567","targetHints":{"allow":["GET"]}}],"collection":[{"href":"https:\/\/ilmoliulampar.is\/en_gb\/wp-json\/wp\/v2\/product"}],"about":[{"href":"https:\/\/ilmoliulampar.is\/en_gb\/wp-json\/wp\/v2\/types\/product"}],"replies":[{"embeddable":true,"href":"https:\/\/ilmoliulampar.is\/en_gb\/wp-json\/wp\/v2\/comments?post=53567"}],"wp:featuredmedia":[{"embeddable":true,"href":"https:\/\/ilmoliulampar.is\/en_gb\/wp-json\/wp\/v2\/media\/57632"}],"wp:attachment":[{"href":"https:\/\/ilmoliulampar.is\/en_gb\/wp-json\/wp\/v2\/media?parent=53567"}],"wp:term":[{"taxonomy":"product_brand","embeddable":true,"href":"https:\/\/ilmoliulampar.is\/en_gb\/wp-json\/wp\/v2\/product_brand?post=53567"},{"taxonomy":"product_cat","embeddable":true,"href":"https:\/\/ilmoliulampar.is\/en_gb\/wp-json\/wp\/v2\/product_cat?post=53567"},{"taxonomy":"product_tag","embeddable":true,"href":"https:\/\/ilmoliulampar.is\/en_gb\/wp-json\/wp\/v2\/product_tag?post=53567"}],"curies":[{"name":"wp","href":"https:\/\/api.w.org\/{rel}","templated":true}]}}