{"id":53569,"date":"2023-03-03T14:17:28","date_gmt":"2023-03-03T14:17:28","guid":{"rendered":"https:\/\/new.ilmoliulampar.is\/product\/aloe-vera-planta-i-svortum-potti\/"},"modified":"2024-07-04T17:09:36","modified_gmt":"2024-07-04T17:09:36","slug":"aloe-vera-planta-i-svortum-potti","status":"publish","type":"product","link":"https:\/\/ilmoliulampar.is\/en_gb\/product\/aloe-vera-planta-i-svortum-potti\/","title":{"rendered":"Aloe Vera planta \u00ed sv\u00f6rtum potti"},"content":{"rendered":"","protected":false},"excerpt":{"rendered":"<p>Hrikalega raunveruleg og v\u00f6ndu\u00f0 aloe vera planta \u00ed sv\u00f6rtu potti.<\/p>\n<p>H\u00e6\u00f0 : 55 Cm<br \/>\n3Kg<\/p>","protected":false},"featured_media":53570,"comment_status":"closed","ping_status":"open","template":"","meta":[],"product_brand":[],"product_cat":[228],"product_tag":[],"class_list":{"0":"post-53569","1":"product","2":"type-product","3":"status-publish","4":"has-post-thumbnail","6":"product_cat-gerviplontur","8":"first","9":"instock","10":"shipping-taxable","11":"purchasable","12":"product-type-simple"},"_links":{"self":[{"href":"https:\/\/ilmoliulampar.is\/en_gb\/wp-json\/wp\/v2\/product\/53569","targetHints":{"allow":["GET"]}}],"collection":[{"href":"https:\/\/ilmoliulampar.is\/en_gb\/wp-json\/wp\/v2\/product"}],"about":[{"href":"https:\/\/ilmoliulampar.is\/en_gb\/wp-json\/wp\/v2\/types\/product"}],"replies":[{"embeddable":true,"href":"https:\/\/ilmoliulampar.is\/en_gb\/wp-json\/wp\/v2\/comments?post=53569"}],"wp:featuredmedia":[{"embeddable":true,"href":"https:\/\/ilmoliulampar.is\/en_gb\/wp-json\/wp\/v2\/media\/53570"}],"wp:attachment":[{"href":"https:\/\/ilmoliulampar.is\/en_gb\/wp-json\/wp\/v2\/media?parent=53569"}],"wp:term":[{"taxonomy":"product_brand","embeddable":true,"href":"https:\/\/ilmoliulampar.is\/en_gb\/wp-json\/wp\/v2\/product_brand?post=53569"},{"taxonomy":"product_cat","embeddable":true,"href":"https:\/\/ilmoliulampar.is\/en_gb\/wp-json\/wp\/v2\/product_cat?post=53569"},{"taxonomy":"product_tag","embeddable":true,"href":"https:\/\/ilmoliulampar.is\/en_gb\/wp-json\/wp\/v2\/product_tag?post=53569"}],"curies":[{"name":"wp","href":"https:\/\/api.w.org\/{rel}","templated":true}]}}