{"id":53571,"date":"2023-03-03T15:21:13","date_gmt":"2023-03-03T15:21:13","guid":{"rendered":"https:\/\/new.ilmoliulampar.is\/product\/olivu-grein\/"},"modified":"2023-03-24T00:26:21","modified_gmt":"2023-03-24T00:26:21","slug":"olivu-grein","status":"publish","type":"product","link":"https:\/\/ilmoliulampar.is\/en_gb\/product\/olivu-grein\/","title":{"rendered":"\u00f3l\u00edvu grein"},"content":{"rendered":"","protected":false},"excerpt":{"rendered":"<p>Flottar og vanda\u00f0ar greinar me\u00f0 \u00f3l\u00edvum.<\/p>\n<p>St\u00e6r\u00f0 :41.0 cmx 31.0cm x 68.0 cm<\/p>\n<p>&nbsp;<\/p>","protected":false},"featured_media":53572,"comment_status":"closed","ping_status":"open","template":"","meta":[],"product_brand":[],"product_cat":[228],"product_tag":[],"class_list":{"0":"post-53571","1":"product","2":"type-product","3":"status-publish","4":"has-post-thumbnail","6":"product_cat-gerviplontur","8":"first","9":"instock","10":"shipping-taxable","11":"purchasable","12":"product-type-simple"},"_links":{"self":[{"href":"https:\/\/ilmoliulampar.is\/en_gb\/wp-json\/wp\/v2\/product\/53571","targetHints":{"allow":["GET"]}}],"collection":[{"href":"https:\/\/ilmoliulampar.is\/en_gb\/wp-json\/wp\/v2\/product"}],"about":[{"href":"https:\/\/ilmoliulampar.is\/en_gb\/wp-json\/wp\/v2\/types\/product"}],"replies":[{"embeddable":true,"href":"https:\/\/ilmoliulampar.is\/en_gb\/wp-json\/wp\/v2\/comments?post=53571"}],"wp:featuredmedia":[{"embeddable":true,"href":"https:\/\/ilmoliulampar.is\/en_gb\/wp-json\/wp\/v2\/media\/53572"}],"wp:attachment":[{"href":"https:\/\/ilmoliulampar.is\/en_gb\/wp-json\/wp\/v2\/media?parent=53571"}],"wp:term":[{"taxonomy":"product_brand","embeddable":true,"href":"https:\/\/ilmoliulampar.is\/en_gb\/wp-json\/wp\/v2\/product_brand?post=53571"},{"taxonomy":"product_cat","embeddable":true,"href":"https:\/\/ilmoliulampar.is\/en_gb\/wp-json\/wp\/v2\/product_cat?post=53571"},{"taxonomy":"product_tag","embeddable":true,"href":"https:\/\/ilmoliulampar.is\/en_gb\/wp-json\/wp\/v2\/product_tag?post=53571"}],"curies":[{"name":"wp","href":"https:\/\/api.w.org\/{rel}","templated":true}]}}