{"id":53577,"date":"2023-03-03T15:47:59","date_gmt":"2023-03-03T15:47:59","guid":{"rendered":"https:\/\/new.ilmoliulampar.is\/product\/graent-fern\/"},"modified":"2024-03-25T15:50:20","modified_gmt":"2024-03-25T15:50:20","slug":"graent-fern","status":"publish","type":"product","link":"https:\/\/ilmoliulampar.is\/en_gb\/product\/graent-fern\/","title":{"rendered":"Gr\u00e6nt &#8222;Fern&#8220;"},"content":{"rendered":"","protected":false},"excerpt":{"rendered":"<p>Gr\u00e6nt &#8222;fern&#8220; \u00ed sv\u00f6rtum potti.<\/p>\n<p>St\u00e6r\u00f0: 18.0 x 18.0 x 145.0 cm<\/p>","protected":false},"featured_media":53578,"comment_status":"closed","ping_status":"open","template":"","meta":[],"product_brand":[],"product_cat":[228],"product_tag":[],"class_list":{"0":"post-53577","1":"product","2":"type-product","3":"status-publish","4":"has-post-thumbnail","6":"product_cat-gerviplontur","8":"first","9":"instock","10":"shipping-taxable","11":"purchasable","12":"product-type-simple"},"_links":{"self":[{"href":"https:\/\/ilmoliulampar.is\/en_gb\/wp-json\/wp\/v2\/product\/53577","targetHints":{"allow":["GET"]}}],"collection":[{"href":"https:\/\/ilmoliulampar.is\/en_gb\/wp-json\/wp\/v2\/product"}],"about":[{"href":"https:\/\/ilmoliulampar.is\/en_gb\/wp-json\/wp\/v2\/types\/product"}],"replies":[{"embeddable":true,"href":"https:\/\/ilmoliulampar.is\/en_gb\/wp-json\/wp\/v2\/comments?post=53577"}],"wp:featuredmedia":[{"embeddable":true,"href":"https:\/\/ilmoliulampar.is\/en_gb\/wp-json\/wp\/v2\/media\/53578"}],"wp:attachment":[{"href":"https:\/\/ilmoliulampar.is\/en_gb\/wp-json\/wp\/v2\/media?parent=53577"}],"wp:term":[{"taxonomy":"product_brand","embeddable":true,"href":"https:\/\/ilmoliulampar.is\/en_gb\/wp-json\/wp\/v2\/product_brand?post=53577"},{"taxonomy":"product_cat","embeddable":true,"href":"https:\/\/ilmoliulampar.is\/en_gb\/wp-json\/wp\/v2\/product_cat?post=53577"},{"taxonomy":"product_tag","embeddable":true,"href":"https:\/\/ilmoliulampar.is\/en_gb\/wp-json\/wp\/v2\/product_tag?post=53577"}],"curies":[{"name":"wp","href":"https:\/\/api.w.org\/{rel}","templated":true}]}}