{"id":53581,"date":"2023-03-03T16:00:23","date_gmt":"2023-03-03T16:00:23","guid":{"rendered":"https:\/\/new.ilmoliulampar.is\/product\/yucca-tre-i-svortum-potti\/"},"modified":"2024-07-04T17:06:02","modified_gmt":"2024-07-04T17:06:02","slug":"yucca-tre-i-svortum-potti","status":"publish","type":"product","link":"https:\/\/ilmoliulampar.is\/en_gb\/product\/yucca-tre-i-svortum-potti\/","title":{"rendered":"Yucca tr\u00e9 \u00ed sv\u00f6rtum potti"},"content":{"rendered":"","protected":false},"excerpt":{"rendered":"<p>\u00d3tr\u00falega fallegt og vanda\u00f0 Yucca tr\u00e9 \u00ed sv\u00f6rtum potti.<\/p>\n<p>St\u00e6r\u00f0 : 65.0 x 65.0 x 66.0 cm<\/p>","protected":false},"featured_media":53582,"comment_status":"closed","ping_status":"open","template":"","meta":[],"product_brand":[],"product_cat":[228],"product_tag":[],"class_list":{"0":"post-53581","1":"product","2":"type-product","3":"status-publish","4":"has-post-thumbnail","6":"product_cat-gerviplontur","8":"first","9":"instock","10":"shipping-taxable","11":"purchasable","12":"product-type-simple"},"_links":{"self":[{"href":"https:\/\/ilmoliulampar.is\/en_gb\/wp-json\/wp\/v2\/product\/53581","targetHints":{"allow":["GET"]}}],"collection":[{"href":"https:\/\/ilmoliulampar.is\/en_gb\/wp-json\/wp\/v2\/product"}],"about":[{"href":"https:\/\/ilmoliulampar.is\/en_gb\/wp-json\/wp\/v2\/types\/product"}],"replies":[{"embeddable":true,"href":"https:\/\/ilmoliulampar.is\/en_gb\/wp-json\/wp\/v2\/comments?post=53581"}],"wp:featuredmedia":[{"embeddable":true,"href":"https:\/\/ilmoliulampar.is\/en_gb\/wp-json\/wp\/v2\/media\/53582"}],"wp:attachment":[{"href":"https:\/\/ilmoliulampar.is\/en_gb\/wp-json\/wp\/v2\/media?parent=53581"}],"wp:term":[{"taxonomy":"product_brand","embeddable":true,"href":"https:\/\/ilmoliulampar.is\/en_gb\/wp-json\/wp\/v2\/product_brand?post=53581"},{"taxonomy":"product_cat","embeddable":true,"href":"https:\/\/ilmoliulampar.is\/en_gb\/wp-json\/wp\/v2\/product_cat?post=53581"},{"taxonomy":"product_tag","embeddable":true,"href":"https:\/\/ilmoliulampar.is\/en_gb\/wp-json\/wp\/v2\/product_tag?post=53581"}],"curies":[{"name":"wp","href":"https:\/\/api.w.org\/{rel}","templated":true}]}}