{"id":53591,"date":"2023-03-15T11:56:10","date_gmt":"2023-03-15T11:56:10","guid":{"rendered":"https:\/\/new.ilmoliulampar.is\/product\/veremundo-home-ilmstangir-cotton-dreams\/"},"modified":"2024-09-26T14:44:37","modified_gmt":"2024-09-26T14:44:37","slug":"veremundo-home-ilmstangir-cotton-dreams","status":"publish","type":"product","link":"https:\/\/ilmoliulampar.is\/en_gb\/product\/veremundo-home-ilmstangir-cotton-dreams\/","title":{"rendered":"VEREMUNDO HOME ILMSTANGIR COTTON DREAMS"},"content":{"rendered":"","protected":false},"excerpt":{"rendered":"<p><strong>Veremundo Home Cotton Dreams Ilmstangir.<\/strong><\/p>\n<p>\u00d3tr\u00falega hreinn og ferskur ilmur ( Clean Cotton )<\/p>\n<p>Ilmstangirnar eru einstaklega fallegar og smart \u00e1 bor\u00f0i.<br \/>\n\u00deetta er mj\u00f6g vanda\u00f0ur ilmur, fl\u00f6skurnar fallegar og<br \/>\nekki skemma umb\u00fa\u00f0irnar fyrir til a\u00f0 gera \u00feetta a\u00f0 einstaklega<br \/>\nflottri gj\u00f6f.<\/p>\n<p>Handger\u00f0 \u201eorganic\u201c ilm l\u00edna kemur \u00ed tveimur st\u00e6r\u00f0um 250ml og 500ml<\/p>","protected":false},"featured_media":53593,"comment_status":"closed","ping_status":"closed","template":"","meta":[],"product_brand":[],"product_cat":[200,108],"product_tag":[],"class_list":{"0":"post-53591","1":"product","2":"type-product","3":"status-publish","4":"has-post-thumbnail","6":"product_cat-ilmstangir-oliur","7":"product_cat-oliur","9":"first","10":"instock","11":"shipping-taxable","12":"purchasable","13":"product-type-variable"},"_links":{"self":[{"href":"https:\/\/ilmoliulampar.is\/en_gb\/wp-json\/wp\/v2\/product\/53591","targetHints":{"allow":["GET"]}}],"collection":[{"href":"https:\/\/ilmoliulampar.is\/en_gb\/wp-json\/wp\/v2\/product"}],"about":[{"href":"https:\/\/ilmoliulampar.is\/en_gb\/wp-json\/wp\/v2\/types\/product"}],"replies":[{"embeddable":true,"href":"https:\/\/ilmoliulampar.is\/en_gb\/wp-json\/wp\/v2\/comments?post=53591"}],"wp:featuredmedia":[{"embeddable":true,"href":"https:\/\/ilmoliulampar.is\/en_gb\/wp-json\/wp\/v2\/media\/53593"}],"wp:attachment":[{"href":"https:\/\/ilmoliulampar.is\/en_gb\/wp-json\/wp\/v2\/media?parent=53591"}],"wp:term":[{"taxonomy":"product_brand","embeddable":true,"href":"https:\/\/ilmoliulampar.is\/en_gb\/wp-json\/wp\/v2\/product_brand?post=53591"},{"taxonomy":"product_cat","embeddable":true,"href":"https:\/\/ilmoliulampar.is\/en_gb\/wp-json\/wp\/v2\/product_cat?post=53591"},{"taxonomy":"product_tag","embeddable":true,"href":"https:\/\/ilmoliulampar.is\/en_gb\/wp-json\/wp\/v2\/product_tag?post=53591"}],"curies":[{"name":"wp","href":"https:\/\/api.w.org\/{rel}","templated":true}]}}