{"id":53607,"date":"2023-03-21T12:36:16","date_gmt":"2023-03-21T12:36:16","guid":{"rendered":"https:\/\/new.ilmoliulampar.is\/product\/donna-karan-cashmere\/"},"modified":"2026-03-11T14:19:21","modified_gmt":"2026-03-11T14:19:21","slug":"donna-karan-cashmere","status":"publish","type":"product","link":"https:\/\/ilmoliulampar.is\/en_gb\/product\/donna-karan-cashmere\/","title":{"rendered":"CASHMERE &#8211; DONNA KARAN"},"content":{"rendered":"","protected":false},"excerpt":{"rendered":"<p>Ilmol\u00eda sem er eins og ilmvatni\u00f0 fr\u00e1 Donnu Karan &#8211; Cashmere<\/p>\n<p>Bl\u00f3m, vi\u00f0ur &amp; musk alveg d\u00e1samleg.<\/p>\n<p><em>(ATH, um er a\u00f0 r\u00e6\u00f0a ilmol\u00edu, myndin er notu\u00f0 til \u00feess a\u00f0 l\u00fdsa ilminum sem \u00e1tt er vi\u00f0)<\/em><\/p>\n<p>&nbsp;<\/p>","protected":false},"featured_media":53608,"comment_status":"closed","ping_status":"closed","template":"","meta":[],"product_brand":[],"product_cat":[195,198,230,108,121],"product_tag":[],"class_list":{"0":"post-53607","1":"product","2":"type-product","3":"status-publish","4":"has-post-thumbnail","6":"product_cat-ilmoliur-oliur","7":"product_cat-ilmoliutilbod-oliur","8":"product_cat-laekkadverd","9":"product_cat-oliur","10":"product_cat-tilbod-adrar-vorur","12":"first","13":"instock","14":"sale","15":"shipping-taxable","16":"purchasable","17":"product-type-simple"},"_links":{"self":[{"href":"https:\/\/ilmoliulampar.is\/en_gb\/wp-json\/wp\/v2\/product\/53607","targetHints":{"allow":["GET"]}}],"collection":[{"href":"https:\/\/ilmoliulampar.is\/en_gb\/wp-json\/wp\/v2\/product"}],"about":[{"href":"https:\/\/ilmoliulampar.is\/en_gb\/wp-json\/wp\/v2\/types\/product"}],"replies":[{"embeddable":true,"href":"https:\/\/ilmoliulampar.is\/en_gb\/wp-json\/wp\/v2\/comments?post=53607"}],"wp:featuredmedia":[{"embeddable":true,"href":"https:\/\/ilmoliulampar.is\/en_gb\/wp-json\/wp\/v2\/media\/53608"}],"wp:attachment":[{"href":"https:\/\/ilmoliulampar.is\/en_gb\/wp-json\/wp\/v2\/media?parent=53607"}],"wp:term":[{"taxonomy":"product_brand","embeddable":true,"href":"https:\/\/ilmoliulampar.is\/en_gb\/wp-json\/wp\/v2\/product_brand?post=53607"},{"taxonomy":"product_cat","embeddable":true,"href":"https:\/\/ilmoliulampar.is\/en_gb\/wp-json\/wp\/v2\/product_cat?post=53607"},{"taxonomy":"product_tag","embeddable":true,"href":"https:\/\/ilmoliulampar.is\/en_gb\/wp-json\/wp\/v2\/product_tag?post=53607"}],"curies":[{"name":"wp","href":"https:\/\/api.w.org\/{rel}","templated":true}]}}