{"id":53705,"date":"2023-03-30T13:29:01","date_gmt":"2023-03-30T13:29:01","guid":{"rendered":"https:\/\/ilmoliulampar.is\/?post_type=product&#038;p=53705"},"modified":"2026-01-30T14:10:11","modified_gmt":"2026-01-30T14:10:11","slug":"negara-ilmoliulampi-m-fjarstyringu","status":"publish","type":"product","link":"https:\/\/ilmoliulampar.is\/en_gb\/product\/negara-ilmoliulampi-m-fjarstyringu\/","title":{"rendered":"NEGARA &#8211; ilmol\u00edulampi m\/ fjarst\u00fdringu"},"content":{"rendered":"","protected":false},"excerpt":{"rendered":"<p>NEGARA er\u00a0 einstaklega fallegur ilmol\u00edulampi me\u00f0 fjarst\u00fdringu og k\u00fapullinn handger\u00f0ur \u00far n\u00e1tt\u00farulegum vi\u00f0 fr\u00e1 Malas\u00edu.<\/p>\n<p>NEGARA\u00a0dregur nafn sitt og innbl\u00e1stur fr\u00e1 Taman Negara regnsk\u00f3ginum.<\/p>\n<p>NEGARA tekur 100 ml af vatni og er me\u00f0 3 mismunandi rakastillingum hann gengur \u00ed 4klst \u00e1 \u201ehigh\u201c, 7klst \u00e1 \u201elow\u201c og svo 10klst \u00e1 \u201eintermittent\u201c en \u00fe\u00e1 gengur hann me\u00f0 hl\u00e9um.<\/p>\n<p>NEGARA er fr\u00e1b\u00e6r ilmgjafi sem dreifir \u00fe\u00ednum upp\u00e1halds ilmi um heimili \u00feitt. Me\u00f0 \u00fev\u00ed a\u00f0 setja \u00ed hann vatn og nokkra dropa af ilmol\u00edu e\u00f0a ilmkjarnaol\u00edu og \u00fdta \u00e1 takka \u00fe\u00e1 dreifir hann \u00e1n \u00feess \u00fe\u00f3 a\u00f0 hita, f\u00ednum \u00fa\u00f0a og ilmandi gufu \u00fat \u00ed andr\u00famslofti\u00f0 sem \u00f6rvar skynf\u00e6rin og gerir \u00fe\u00e9r kleift a\u00f0 s\u00f6kkva inn \u00ed afslappa\u00f0an heim heilunar og jafnv\u00e6gis. \u00deetta er talin vera besta lei\u00f0in til \u00feess dreifa ilmi \u00ed andr\u00famslofti\u00f0, \u00fear sem ilmol\u00edulamparnir hita EKKI ol\u00edurnar og ver\u00f0a \u00fe\u00e6r \u00fev\u00ed ekki fyrir neinum skemmdum.<\/p>\n<p>Ef \u00fe\u00fa notar \u00fa\u00f0ann \u00e1n ol\u00edu og ilms, getur\u00f0u samt sem \u00e1\u00f0ur noti\u00f0 rakans af \u00fa\u00f0anum en hann er tilvalinn til a\u00f0 vinna m\u00f3t \u00feurrki sem skapast af n\u00fat\u00edma upphitun.<\/p>\n<p>NEGARA slekkur \u00e1 s\u00e9r sj\u00e1lfur \u00feegar vatni\u00f0 fer ni\u00f0ur fyrir \u00e1kve\u00f0in m\u00f6rk, sem \u00fe\u00fd\u00f0ir a\u00f0 hann er fullkomlega \u00f6ruggur og tilvalinn til notkunar innan um b\u00f6rn og h\u00fasd\u00fdr.<\/p>\n<p>NEGARA er rakat\u00e6ki \u2013 j\u00f3nat\u00e6ki \u2013 hreinsun \u00e1 lofti \u2013 ilmgjafi ef vill.<\/p>\n<p>St\u00e6r\u00f0: 19 cm x 16,8 cm<\/p>","protected":false},"featured_media":53706,"comment_status":"open","ping_status":"closed","template":"","meta":[],"product_brand":[],"product_cat":[182,230,107,116,121,113],"product_tag":[],"class_list":{"0":"post-53705","1":"product","2":"type-product","3":"status-publish","4":"has-post-thumbnail","6":"product_cat-ilmoliulampar","7":"product_cat-laekkadverd","8":"product_cat-lampar","9":"product_cat-tilbod","10":"product_cat-tilbod-adrar-vorur","11":"product_cat-utsala","13":"first","14":"instock","15":"sale","16":"shipping-taxable","17":"purchasable","18":"product-type-simple"},"_links":{"self":[{"href":"https:\/\/ilmoliulampar.is\/en_gb\/wp-json\/wp\/v2\/product\/53705","targetHints":{"allow":["GET"]}}],"collection":[{"href":"https:\/\/ilmoliulampar.is\/en_gb\/wp-json\/wp\/v2\/product"}],"about":[{"href":"https:\/\/ilmoliulampar.is\/en_gb\/wp-json\/wp\/v2\/types\/product"}],"replies":[{"embeddable":true,"href":"https:\/\/ilmoliulampar.is\/en_gb\/wp-json\/wp\/v2\/comments?post=53705"}],"wp:featuredmedia":[{"embeddable":true,"href":"https:\/\/ilmoliulampar.is\/en_gb\/wp-json\/wp\/v2\/media\/53706"}],"wp:attachment":[{"href":"https:\/\/ilmoliulampar.is\/en_gb\/wp-json\/wp\/v2\/media?parent=53705"}],"wp:term":[{"taxonomy":"product_brand","embeddable":true,"href":"https:\/\/ilmoliulampar.is\/en_gb\/wp-json\/wp\/v2\/product_brand?post=53705"},{"taxonomy":"product_cat","embeddable":true,"href":"https:\/\/ilmoliulampar.is\/en_gb\/wp-json\/wp\/v2\/product_cat?post=53705"},{"taxonomy":"product_tag","embeddable":true,"href":"https:\/\/ilmoliulampar.is\/en_gb\/wp-json\/wp\/v2\/product_tag?post=53705"}],"curies":[{"name":"wp","href":"https:\/\/api.w.org\/{rel}","templated":true}]}}