{"id":54746,"date":"2023-04-13T13:05:48","date_gmt":"2023-04-13T13:05:48","guid":{"rendered":"https:\/\/ilmoliulampar.is\/?post_type=product&#038;p=54746"},"modified":"2024-08-02T13:30:58","modified_gmt":"2024-08-02T13:30:58","slug":"ilmur-i-bila-hauskupa-3-ilmir","status":"publish","type":"product","link":"https:\/\/ilmoliulampar.is\/en_gb\/product\/ilmur-i-bila-hauskupa-3-ilmir\/","title":{"rendered":"Ilmur \u00ed b\u00edla -Hausk\u00fapa + ilmol\u00eda a\u00f0 eigin vali"},"content":{"rendered":"","protected":false},"excerpt":{"rendered":"<p>ilmur \u00ed b\u00edlinn.<\/p>\n<p>\u00de\u00fa velur \u00fe\u00edna upp\u00e1halds ilmol\u00edu <a href=\"https:\/\/ilmoliulampar.is\/en_gb\/product-category\/oliur\/ilmoliur-oliur\/\">H\u00c9R<\/a><br \/>\nSkrifar \u00ed athugasemnd hva\u00f0a ilmol\u00edu \u00fe\u00fa vilt f\u00e1.<\/p>\n<p>Einfalt &#8211; \u00fe\u00e6ginlegt &#8211; Smart<\/p>","protected":false},"featured_media":56672,"comment_status":"open","ping_status":"closed","template":"","meta":[],"product_brand":[],"product_cat":[112,121],"product_tag":[],"class_list":{"0":"post-54746","1":"product","2":"type-product","3":"status-publish","4":"has-post-thumbnail","6":"product_cat-adrar-vorur","7":"product_cat-tilbod-adrar-vorur","9":"first","10":"instock","11":"sale","12":"shipping-taxable","13":"purchasable","14":"product-type-simple"},"_links":{"self":[{"href":"https:\/\/ilmoliulampar.is\/en_gb\/wp-json\/wp\/v2\/product\/54746","targetHints":{"allow":["GET"]}}],"collection":[{"href":"https:\/\/ilmoliulampar.is\/en_gb\/wp-json\/wp\/v2\/product"}],"about":[{"href":"https:\/\/ilmoliulampar.is\/en_gb\/wp-json\/wp\/v2\/types\/product"}],"replies":[{"embeddable":true,"href":"https:\/\/ilmoliulampar.is\/en_gb\/wp-json\/wp\/v2\/comments?post=54746"}],"wp:featuredmedia":[{"embeddable":true,"href":"https:\/\/ilmoliulampar.is\/en_gb\/wp-json\/wp\/v2\/media\/56672"}],"wp:attachment":[{"href":"https:\/\/ilmoliulampar.is\/en_gb\/wp-json\/wp\/v2\/media?parent=54746"}],"wp:term":[{"taxonomy":"product_brand","embeddable":true,"href":"https:\/\/ilmoliulampar.is\/en_gb\/wp-json\/wp\/v2\/product_brand?post=54746"},{"taxonomy":"product_cat","embeddable":true,"href":"https:\/\/ilmoliulampar.is\/en_gb\/wp-json\/wp\/v2\/product_cat?post=54746"},{"taxonomy":"product_tag","embeddable":true,"href":"https:\/\/ilmoliulampar.is\/en_gb\/wp-json\/wp\/v2\/product_tag?post=54746"}],"curies":[{"name":"wp","href":"https:\/\/api.w.org\/{rel}","templated":true}]}}