{"id":54752,"date":"2023-04-13T13:09:29","date_gmt":"2023-04-13T13:09:29","guid":{"rendered":"https:\/\/ilmoliulampar.is\/?post_type=product&#038;p=54752"},"modified":"2024-03-01T11:13:33","modified_gmt":"2024-03-01T11:13:33","slug":"ilmur-i-bila-leopard-3-ilmir","status":"publish","type":"product","link":"https:\/\/ilmoliulampar.is\/en_gb\/product\/ilmur-i-bila-leopard-3-ilmir\/","title":{"rendered":"Ilmur \u00ed b\u00edla &#8211; Leopard + ilmol\u00eda a\u00f0 eigin vali"},"content":{"rendered":"","protected":false},"excerpt":{"rendered":"<p>Leopard + ilmol\u00eda a\u00f0 eigin vali.<\/p>\n<p>\u00de\u00fa velur \u00fe\u00edna upp\u00e1halds lykt <a href=\"https:\/\/ilmoliulampar.is\/en_gb\/product-category\/oliur\/ilmoliur-oliur\/\">H\u00c9R<\/a><br \/>\nSkrifar \u00ed athugasemd hva\u00f0a ilmol\u00edu \u00fe\u00fa vilt.<\/p>\n<p>Einfalt &#8211; \u00fe\u00e6ginlegt &#8211; Smart<\/p>","protected":false},"featured_media":54753,"comment_status":"open","ping_status":"closed","template":"","meta":[],"product_brand":[],"product_cat":[112,121],"product_tag":[],"class_list":{"0":"post-54752","1":"product","2":"type-product","3":"status-publish","4":"has-post-thumbnail","6":"product_cat-adrar-vorur","7":"product_cat-tilbod-adrar-vorur","9":"first","10":"outofstock","11":"sale","12":"shipping-taxable","13":"purchasable","14":"product-type-simple"},"_links":{"self":[{"href":"https:\/\/ilmoliulampar.is\/en_gb\/wp-json\/wp\/v2\/product\/54752","targetHints":{"allow":["GET"]}}],"collection":[{"href":"https:\/\/ilmoliulampar.is\/en_gb\/wp-json\/wp\/v2\/product"}],"about":[{"href":"https:\/\/ilmoliulampar.is\/en_gb\/wp-json\/wp\/v2\/types\/product"}],"replies":[{"embeddable":true,"href":"https:\/\/ilmoliulampar.is\/en_gb\/wp-json\/wp\/v2\/comments?post=54752"}],"wp:featuredmedia":[{"embeddable":true,"href":"https:\/\/ilmoliulampar.is\/en_gb\/wp-json\/wp\/v2\/media\/54753"}],"wp:attachment":[{"href":"https:\/\/ilmoliulampar.is\/en_gb\/wp-json\/wp\/v2\/media?parent=54752"}],"wp:term":[{"taxonomy":"product_brand","embeddable":true,"href":"https:\/\/ilmoliulampar.is\/en_gb\/wp-json\/wp\/v2\/product_brand?post=54752"},{"taxonomy":"product_cat","embeddable":true,"href":"https:\/\/ilmoliulampar.is\/en_gb\/wp-json\/wp\/v2\/product_cat?post=54752"},{"taxonomy":"product_tag","embeddable":true,"href":"https:\/\/ilmoliulampar.is\/en_gb\/wp-json\/wp\/v2\/product_tag?post=54752"}],"curies":[{"name":"wp","href":"https:\/\/api.w.org\/{rel}","templated":true}]}}