{"id":54758,"date":"2023-04-13T13:18:53","date_gmt":"2023-04-13T13:18:53","guid":{"rendered":"https:\/\/ilmoliulampar.is\/?post_type=product&#038;p=54758"},"modified":"2026-02-06T13:16:44","modified_gmt":"2026-02-06T13:16:44","slug":"ilmur-i-bila-demants-bangsi-2-litir-4-ilmir","status":"publish","type":"product","link":"https:\/\/ilmoliulampar.is\/en_gb\/product\/ilmur-i-bila-demants-bangsi-2-litir-4-ilmir\/","title":{"rendered":"Ilmur \u00ed b\u00edla &#8211; Demants bangsi &#8211; 5 litir + ilmol\u00eda a\u00f0 eigin vali"},"content":{"rendered":"","protected":false},"excerpt":{"rendered":"<p>Ilmur \u00ed b\u00edlinn.<br \/>\nIlmol\u00eda a\u00f0 <strong>eigin vali<\/strong> fylgir me\u00f0 bangsanum.<\/p>\n<p>Einfalt &#8211; \u00de\u00e6ginlegt &#8211; Smart<\/p>\n<p>\u00de\u00fa velur \u00fe\u00edna upp\u00e1halds ilmol\u00edu og setur nokkra dropa \u00ed.<br \/>\nVeldu ilmol\u00edu <a href=\"https:\/\/ilmoliulampar.is\/en_gb\/product-category\/oliur\/ilmoliur-oliur\/\">H\u00c9R<\/a><br \/>\n<strong>Skrifar svo \u00ed athugasemd hva\u00f0a ilmol\u00edu \u00fe\u00fa vilt.<\/strong><\/p>","protected":false},"featured_media":59705,"comment_status":"open","ping_status":"closed","template":"","meta":[],"product_brand":[],"product_cat":[112,180],"product_tag":[],"class_list":{"0":"post-54758","1":"product","2":"type-product","3":"status-publish","4":"has-post-thumbnail","6":"product_cat-adrar-vorur","7":"product_cat-ilmvorur","9":"first","10":"instock","11":"shipping-taxable","12":"purchasable","13":"product-type-variable"},"_links":{"self":[{"href":"https:\/\/ilmoliulampar.is\/en_gb\/wp-json\/wp\/v2\/product\/54758","targetHints":{"allow":["GET"]}}],"collection":[{"href":"https:\/\/ilmoliulampar.is\/en_gb\/wp-json\/wp\/v2\/product"}],"about":[{"href":"https:\/\/ilmoliulampar.is\/en_gb\/wp-json\/wp\/v2\/types\/product"}],"replies":[{"embeddable":true,"href":"https:\/\/ilmoliulampar.is\/en_gb\/wp-json\/wp\/v2\/comments?post=54758"}],"wp:featuredmedia":[{"embeddable":true,"href":"https:\/\/ilmoliulampar.is\/en_gb\/wp-json\/wp\/v2\/media\/59705"}],"wp:attachment":[{"href":"https:\/\/ilmoliulampar.is\/en_gb\/wp-json\/wp\/v2\/media?parent=54758"}],"wp:term":[{"taxonomy":"product_brand","embeddable":true,"href":"https:\/\/ilmoliulampar.is\/en_gb\/wp-json\/wp\/v2\/product_brand?post=54758"},{"taxonomy":"product_cat","embeddable":true,"href":"https:\/\/ilmoliulampar.is\/en_gb\/wp-json\/wp\/v2\/product_cat?post=54758"},{"taxonomy":"product_tag","embeddable":true,"href":"https:\/\/ilmoliulampar.is\/en_gb\/wp-json\/wp\/v2\/product_tag?post=54758"}],"curies":[{"name":"wp","href":"https:\/\/api.w.org\/{rel}","templated":true}]}}